{"id":129,"date":"2022-04-13T10:20:58","date_gmt":"2022-04-13T10:20:58","guid":{"rendered":"https:\/\/www.juandeguzman.art\/?page_id=129"},"modified":"2024-06-17T07:57:18","modified_gmt":"2024-06-17T07:57:18","slug":"juan-de-guzman-pintor-espanol","status":"publish","type":"page","link":"https:\/\/www.juandeguzman.art\/en\/juan-de-guzman-pintor-espanol\/","title":{"rendered":"Where I am"},"content":{"rendered":"<p>[et_pb_section fb_built=\u00bb1&#8243; next_background_color=\u00bb#ffffff\u00bb admin_label=\u00bbHero Section\u00bb _builder_version=\u00bb4.23&#8243; _module_preset=\u00bbdefault\u00bb use_background_color_gradient=\u00bbon\u00bb background_color_gradient_stops=\u00bbrgba(0,0,0,0.4) 0%|rgba(0,0,0,0.4) 100%\u00bb background_color_gradient_overlays_image=\u00bbon\u00bb background_color_gradient_start=\u00bbrgba(0,0,0,0.4)\u00bb background_color_gradient_end=\u00bbrgba(0,0,0,0.4)\u00bb background_image=\u00bbhttps:\/\/www.juandeguzman.art\/wp-content\/uploads\/CAPRICHO-EN-EL-MAR.jpg\u00bb background_position=\u00bbbottom_center\u00bb background_vertical_offset=\u00bb52%\u00bb height=\u00bb565px\u00bb height_tablet=\u00bb\u00bb height_phone=\u00bb\u00bb height_last_edited=\u00bbon|desktop\u00bb max_height_last_edited=\u00bboff|desktop\u00bb custom_padding=\u00bb6%||6%|\u00bb bottom_divider_style=\u00bbslant\u00bb bottom_divider_height=\u00bb60px\u00bb saved_tabs=\u00bball\u00bb global_colors_info=\u00bb{}\u00bb background_color_gradient_direction__hover=\u00bb180deg\u00bb background_color_gradient_direction__hover_enabled=\u00bb180deg\u00bb background_color_gradient_start_position__hover=\u00bb0%\u00bb background_color_gradient_start_position__hover_enabled=\u00bb0%\u00bb background_color_gradient_end_position__hover=\u00bb100%\u00bb background_color_gradient_end_position__hover_enabled=\u00bb100%\u00bb][et_pb_row admin_label=\u00bbPage Title Area\u00bb _builder_version=\u00bb4.23&#8243; _module_preset=\u00bbdefault\u00bb custom_padding=\u00bb110px||110px||true|false\u00bb global_colors_info=\u00bb{}\u00bb][et_pb_column type=\u00bb4_4&#8243; _builder_version=\u00bb4.16&#8243; _module_preset=\u00bbdefault\u00bb custom_padding=\u00bb|||\u00bb global_colors_info=\u00bb{}\u00bb custom_padding__hover=\u00bb|||\u00bb][et_pb_text admin_label=\u00bbTitolo\u00bb _builder_version=\u00bb4.23&#8243; _module_preset=\u00bbdefault\u00bb text_font=\u00bbMontserrat||||||||\u00bb text_font_size=\u00bb20px\u00bb text_line_height=\u00bb1.8em\u00bb header_font=\u00bb||||||||\u00bb header_font_size=\u00bb48px\u00bb header_2_font=\u00bb|600||on|||||\u00bb header_2_text_align=\u00bbcenter\u00bb header_2_font_size=\u00bb30px\u00bb header_2_line_height=\u00bb1.1em\u00bb text_orientation=\u00bbcenter\u00bb background_layout=\u00bbdark\u00bb max_width=\u00bb700px\u00bb module_alignment=\u00bbcenter\u00bb custom_margin=\u00bb|||\u00bb animation_style=\u00bbfade\u00bb animation_direction=\u00bbbottom\u00bb global_colors_info=\u00bb{}\u00bb]<\/p>\n<h1>JUAN DE GUZM\u00c1N<\/h1>\n<h1>\u00a0<\/h1>\n<h1>Painter in Alicante<\/h1>\n<p>Use the Google map and find out how to reach me.<\/p>\n<p>[\/et_pb_text][\/et_pb_column][\/et_pb_row][\/et_pb_section][et_pb_section fb_built=\u00bb1&#8243; _builder_version=\u00bb4.17.0&#8243; _module_preset=\u00bbdefault\u00bb custom_margin=\u00bb0px||0px||false|false\u00bb custom_padding=\u00bb0px||0px||false|false\u00bb global_colors_info=\u00bb{}\u00bb][et_pb_row _builder_version=\u00bb4.17.0&#8243; _module_preset=\u00bbdefault\u00bb custom_margin=\u00bb0px||0px||false|false\u00bb custom_padding=\u00bb0px||0px||false|false\u00bb global_colors_info=\u00bb{}\u00bb][et_pb_column type=\u00bb4_4&#8243; _builder_version=\u00bb4.17.0&#8243; _module_preset=\u00bbdefault\u00bb global_colors_info=\u00bb{}\u00bb][et_pb_text admin_label=\u00bbMolliche\u00bb _builder_version=\u00bb4.23&#8243; _module_preset=\u00bbdefault\u00bb custom_padding=\u00bb20px||20px||false|false\u00bb hover_enabled=\u00bb0&#8243; global_colors_info=\u00bb{}\u00bb sticky_enabled=\u00bb0&#8243;]<\/p>\n<p><a title=\"Juan Jos\u00e9 Rodriguez de Guzm\u00e1n Barba - Artista contempor\u00e1neo\" href=\"https:\/\/www.juandeguzman.art\/en\/\">Home<\/a> \/ <strong>Juan Jos\u00e9 Rodriguez de Guzm\u00e1n Barba \u2013 Spanish painter<\/strong><\/p>\n<p>[\/et_pb_text][\/et_pb_column][\/et_pb_row][\/et_pb_section][et_pb_section fb_built=\u00bb1&#8243; admin_label=\u00bbQuote Section\u00bb _builder_version=\u00bb4.17.0&#8243; _module_preset=\u00bbdefault\u00bb use_background_color_gradient=\u00bbon\u00bb background_color_gradient_direction=\u00bb105deg\u00bb background_color_gradient_stops=\u00bbrgba(43,135,218,0) 55%|#ffffff 55%\u00bb background_color_gradient_overlays_image=\u00bbon\u00bb background_color_gradient_start=\u00bbrgba(43,135,218,0)\u00bb background_color_gradient_start_position=\u00bb55%\u00bb background_color_gradient_end=\u00bb#ffffff\u00bb background_color_gradient_end_position=\u00bb0%\u00bb background_enable_image=\u00bboff\u00bb custom_padding=\u00bb0px||4px|||\u00bb locked=\u00bboff\u00bb global_colors_info=\u00bb{}\u00bb][et_pb_row column_structure=\u00bb1_3,2_3&#8243; admin_label=\u00bbQuote Area\u00bb _builder_version=\u00bb4.16&#8243; _module_preset=\u00bbdefault\u00bb global_colors_info=\u00bb{}\u00bb][et_pb_column type=\u00bb1_3&#8243; _builder_version=\u00bb4.16&#8243; _module_preset=\u00bbdefault\u00bb custom_padding=\u00bb|||\u00bb global_colors_info=\u00bb{}\u00bb custom_padding__hover=\u00bb|||\u00bb][et_pb_text _builder_version=\u00bb4.23&#8243; _module_preset=\u00bbdefault\u00bb text_orientation=\u00bbcenter\u00bb custom_padding=\u00bb110px||110px||false|false\u00bb custom_padding_tablet=\u00bb110px||110px||false|false\u00bb custom_padding_phone=\u00bb30px||30px||true|false\u00bb custom_padding_last_edited=\u00bbon|desktop\u00bb global_colors_info=\u00bb{}\u00bb]<\/p>\n<p><img  style=\"padding: 0px !important; border: none !important;\"src=\"https:\/\/www.juandeguzman.art\/wp-content\/uploads\/home-150x150.png\" alt=\"direcci\u00f3n Juan Jos\u00e9 Rodriguez De Guzm\u00e1n Barba\" width=\"50\" height=\"50\" \/><br \/>Avinguda de la Marina 318 &#8211;<br \/>03720 Benisa, Alicante \u2013 Spain<br \/><!--<img loading=\"lazy\" decoding=\"async\" src=\"https:\/\/www.juandeguzman.art\/wp-content\/uploads\/segnaposto.png\" alt=\"mostre collettive e personali dell'artista \" width=\"50\" height=\"50\" \/><\/p>\n\n\n\n\n<p>Mostre collettive e personali--><\/p>\n<p>[\/et_pb_text][\/et_pb_column][et_pb_column type=\u00bb2_3&#8243; _builder_version=\u00bb4.16&#8243; _module_preset=\u00bbdefault\u00bb custom_padding=\u00bb|||\u00bb global_colors_info=\u00bb{}\u00bb custom_padding__hover=\u00bb|||\u00bb][et_pb_text admin_label=\u00bbTitle\u00bb _builder_version=\u00bb4.23&#8243; _module_preset=\u00bbdefault\u00bb text_font=\u00bbMontserrat||||||||\u00bb text_text_color=\u00bb#333333&#8243; text_font_size=\u00bb20px\u00bb text_line_height=\u00bb1.4em\u00bb link_font=\u00bb||||on|||#f46624|\u00bb link_text_color=\u00bb#333333&#8243; header_font=\u00bb||||||||\u00bb header_2_font=\u00bbMontserrat|600||on|||||\u00bb header_2_text_align=\u00bbcenter\u00bb header_2_font_size=\u00bb30px\u00bb background_color=\u00bb#ffffff\u00bb max_width=\u00bb800px\u00bb module_alignment=\u00bbcenter\u00bb custom_margin=\u00bb||30px||false|false\u00bb custom_margin_tablet=\u00bb||30px||false|false\u00bb custom_margin_phone=\u00bb||0px||false|false\u00bb custom_margin_last_edited=\u00bbon|phone\u00bb custom_padding=\u00bb110px|0px|110px|80px\u00bb custom_padding_tablet=\u00bb110px|0px|110px|80px\u00bb custom_padding_phone=\u00bb40px||40px|0px|true|false\u00bb custom_padding_last_edited=\u00bbon|phone\u00bb animation_style=\u00bbslide\u00bb animation_direction=\u00bbright\u00bb animation_intensity_slide=\u00bb20%\u00bb animation_starting_opacity=\u00bb100%\u00bb global_colors_info=\u00bb{}\u00bb]<\/p>\n<h2 style=\"text-align: left;\">Contemporary artist<\/h2>\n<p style=\"text-align: left;\"><span>I am a Spanish painter. I live in Benissa, in the province of Alicante.<br \/>\nI exhibit my paintings in various national and international galleries, both in person and through video presentations.<\/span><\/p>\n<p>[\/et_pb_text][\/et_pb_column][\/et_pb_row][\/et_pb_section][et_pb_section fb_built=\u00bb1&#8243; fullwidth=\u00bbon\u00bb admin_label=\u00bbMappa\u00bb _builder_version=\u00bb4.17.0&#8243; _module_preset=\u00bbdefault\u00bb global_colors_info=\u00bb{}\u00bb][et_pb_fullwidth_code _builder_version=\u00bb4.23&#8243; _module_preset=\u00bbdefault\u00bb module_alignment=\u00bbcenter\u00bb global_colors_info=\u00bb{}\u00bb]<iframe src=\"https:\/\/www.google.com\/maps\/embed?pb=!1m18!1m12!1m3!1d3115.360571266455!2d0.08405697573723614!3d38.66358067177497!2m3!1f0!2f0!3f0!3m2!1i1024!2i768!4f13.1!3m3!1m2!1s0x129e0744d4827f1f%3A0xb8a40cbbbfffa46!2sAvinguda%20de%20la%20Marina%2C%20318%2C%2003720%20Benisa%2C%20Alicante%2C%20Spagna!5e0!3m2!1sit!2sit!4v1716308722798!5m2!1sit!2sit\" width=\"2560\" height=\"620\" style=\"border:0;\" allowfullscreen=\"\" loading=\"lazy\" referrerpolicy=\"no-referrer-when-downgrade\"><\/iframe>[\/et_pb_fullwidth_code][\/et_pb_section][et_pb_section fb_built=\u00bb1&#8243; next_background_color=\u00bb#000000&#8243; disabled_on=\u00bbon|on|on\u00bb _builder_version=\u00bb4.23&#8243; _module_preset=\u00bbdefault\u00bb custom_padding=\u00bb100px|||||\u00bb bottom_divider_style=\u00bbmountains\u00bb disabled=\u00bbon\u00bb global_colors_info=\u00bb{}\u00bb][et_pb_row _builder_version=\u00bb4.17.0&#8243; _module_preset=\u00bbdefault\u00bb global_colors_info=\u00bb{}\u00bb][et_pb_column type=\u00bb4_4&#8243; _builder_version=\u00bb4.17.0&#8243; _module_preset=\u00bbdefault\u00bb global_colors_info=\u00bb{}\u00bb][et_pb_text _builder_version=\u00bb4.17.0&#8243; _module_preset=\u00bbdefault\u00bb header_font=\u00bb||||||||\u00bb header_2_font=\u00bbMontserrat|600||on|||||\u00bb header_2_text_align=\u00bbcenter\u00bb header_2_font_size=\u00bb30px\u00bb global_colors_info=\u00bb{}\u00bb]<a name=\"esposizioni\"><\/p>\n<h2>Le principali esposizioni<\/h2>\n<p><\/a>[\/et_pb_text][\/et_pb_column][\/et_pb_row][et_pb_row column_structure=\u00bb1_2,1_2&#8243; _builder_version=\u00bb4.17.0&#8243; _module_preset=\u00bbdefault\u00bb custom_padding=\u00bb||100px|||\u00bb global_colors_info=\u00bb{}\u00bb][et_pb_column type=\u00bb1_2&#8243; _builder_version=\u00bb4.17.0&#8243; _module_preset=\u00bbdefault\u00bb global_colors_info=\u00bb{}\u00bb][et_pb_text _builder_version=\u00bb4.23&#8243; _module_preset=\u00bbdefault\u00bb ul_font_size=\u00bb20px\u00bb ul_line_height=\u00bb1.6em\u00bb global_colors_info=\u00bb{}\u00bb]<\/p>\n<ul>\n<li>Nome esposizione \u2013 <strong>Luogo &#8211;<\/strong> tipo esposizione &#8211; Data<\/li>\n<li>Nome esposizione \u2013 <strong>Luogo &#8211;<\/strong> tipo esposizione &#8211; Data<\/li>\n<li>Nome esposizione \u2013 <strong>Luogo &#8211;<\/strong> tipo esposizione &#8211; Data<\/li>\n<li>Nome esposizione \u2013 <strong>Luogo &#8211;<\/strong> tipo esposizione &#8211; Data<\/li>\n<li>Nome esposizione \u2013 <strong>Luogo &#8211;<\/strong> tipo esposizione &#8211; Data<\/li>\n<li>Nome esposizione \u2013 <strong>Luogo &#8211;<\/strong> tipo esposizione &#8211; Data<\/li>\n<li>Nome esposizione \u2013 <strong>Luogo &#8211;<\/strong> tipo esposizione &#8211; Data<\/li>\n<li>Nome esposizione \u2013 <strong>Luogo &#8211;<\/strong> tipo esposizione &#8211; Data<\/li>\n<li>Nome esposizione \u2013 <strong>Luogo &#8211;<\/strong> tipo esposizione &#8211; Data<\/li>\n<li>Nome esposizione \u2013 <strong>Luogo &#8211;<\/strong> tipo esposizione &#8211; Data<\/li>\n<li>Nome esposizione \u2013 <strong>Luogo &#8211;<\/strong> tipo esposizione &#8211; Data<\/li>\n<li>Nome esposizione \u2013 <strong>Luogo &#8211;<\/strong> tipo esposizione &#8211; Data<\/li>\n<li>Nome esposizione \u2013 <strong>Luogo &#8211;<\/strong> tipo esposizione &#8211; Data<\/li>\n<li>Nome esposizione \u2013 <strong>Luogo &#8211;<\/strong> tipo esposizione &#8211; Data<\/li>\n<li>Nome esposizione \u2013 <strong>Luogo &#8211;<\/strong> tipo esposizione &#8211; Data<\/li>\n<li>Nome esposizione \u2013 <strong>Luogo &#8211;<\/strong> tipo esposizione &#8211; Data<\/li>\n<\/ul>\n<p>[\/et_pb_text][\/et_pb_column][et_pb_column type=\u00bb1_2&#8243; _builder_version=\u00bb4.17.0&#8243; _module_preset=\u00bbdefault\u00bb global_colors_info=\u00bb{}\u00bb][et_pb_text _builder_version=\u00bb4.23&#8243; _module_preset=\u00bbdefault\u00bb ul_font_size=\u00bb20px\u00bb ul_line_height=\u00bb1.6em\u00bb global_colors_info=\u00bb{}\u00bb]<\/p>\n<ul>\n<li>Nome esposizione \u2013 <strong>Luogo &#8211;<\/strong> tipo esposizione &#8211; Data<\/li>\n<li>Nome esposizione \u2013 <strong>Luogo &#8211;<\/strong> tipo esposizione &#8211; Data<\/li>\n<li>Nome esposizione \u2013 <strong>Luogo &#8211;<\/strong> tipo esposizione &#8211; Data<\/li>\n<li>Nome esposizione \u2013 <strong>Luogo &#8211;<\/strong> tipo esposizione &#8211; Data<\/li>\n<li>Nome esposizione \u2013 <strong>Luogo &#8211;<\/strong> tipo esposizione &#8211; Data<\/li>\n<li>Nome esposizione \u2013 <strong>Luogo &#8211;<\/strong> tipo esposizione &#8211; Data<\/li>\n<li>Nome esposizione \u2013 <strong>Luogo &#8211;<\/strong> tipo esposizione &#8211; Data<\/li>\n<li>Nome esposizione \u2013 <strong>Luogo &#8211;<\/strong> tipo esposizione &#8211; Data<\/li>\n<li>Nome esposizione \u2013 <strong>Luogo &#8211;<\/strong> tipo esposizione &#8211; Data<\/li>\n<li>Nome esposizione \u2013 <strong>Luogo &#8211;<\/strong> tipo esposizione &#8211; Data<\/li>\n<li>Nome esposizione \u2013 <strong>Luogo &#8211;<\/strong> tipo esposizione &#8211; Data<\/li>\n<li>Nome esposizione \u2013 <strong>Luogo &#8211;<\/strong> tipo esposizione &#8211; Data<\/li>\n<li>Nome esposizione \u2013 <strong>Luogo &#8211;<\/strong> tipo esposizione &#8211; Data<\/li>\n<li>Nome esposizione \u2013 <strong>Luogo &#8211;<\/strong> tipo esposizione &#8211; Data<\/li>\n<li>Nome esposizione \u2013 <strong>Luogo &#8211;<\/strong> tipo esposizione &#8211; Data<\/li>\n<li>Nome esposizione \u2013 <strong>Luogo &#8211;<\/strong> tipo esposizione &#8211; Data<\/li>\n<li>\u00a0<\/li>\n<\/ul>\n<p>[\/et_pb_text][\/et_pb_column][\/et_pb_row][\/et_pb_section]<\/p>","protected":false},"excerpt":{"rendered":"<p>JUAN DE GUZM\u00c1N \u00a0 Pintor Alicantino Utilice el mapa de Google y descubra c\u00f3mo llegar hasta m\u00ed.Home \/ Juan Jos\u00e9 Rodriguez de Guzm\u00e1n Barba &#8211; Pintor AlicantinoAvinguda de la Marina 318 -03720 Benisa, Alicante &#8211; Espa\u00f1aArtista contempor\u00e1neo Soy pintor espa\u00f1ol. Vivo en Benissa, en la provincia de Alicante. Expongo mis pinturas en diversas galer\u00edas nacionales [&hellip;]<\/p>","protected":false},"author":1,"featured_media":4343,"parent":0,"menu_order":0,"comment_status":"closed","ping_status":"closed","template":"","meta":{"pgc_meta":"","_et_pb_use_builder":"on","_et_pb_old_content":"<p>Consulta la mappa per individuare il mio atelier e dove vedere mie opere in esposizione permanente.<br \/>Nella mappa sono indicati anche alcuni dei principali luoghi dove ho esposto in mostra collettiva o personale.<\/p><p>{INSERIRE MAPPA GOOGLE}<\/p>","_et_gb_content_width":"","footnotes":""},"pgc_meta":"","yoast_head":"<!-- This site is optimized with the Yoast SEO plugin v21.4 - https:\/\/yoast.com\/wordpress\/plugins\/seo\/ -->\n<title>Donde me encuentras - Juan Jos\u00e9 Rodriguez de Guzm\u00e1n Barba<\/title>\n<meta name=\"robots\" content=\"index, follow, max-snippet:-1, max-image-preview:large, max-video-preview:-1\" \/>\n<link rel=\"canonical\" href=\"https:\/\/www.juandeguzman.art\/en\/juan-de-guzman-pintor-espanol\/\" \/>\n<meta property=\"og:locale\" content=\"en_GB\" \/>\n<meta property=\"og:type\" content=\"article\" \/>\n<meta property=\"og:title\" content=\"Donde me encuentras - Juan Jos\u00e9 Rodriguez de Guzm\u00e1n Barba\" \/>\n<meta property=\"og:description\" content=\"JUAN DE GUZM\u00c1N \u00a0 Pintor Alicantino Utilice el mapa de Google y descubra c\u00f3mo llegar hasta m\u00ed.Home \/ Juan Jos\u00e9 Rodriguez de Guzm\u00e1n Barba - Pintor AlicantinoAvinguda de la Marina 318 -03720 Benisa, Alicante - Espa\u00f1aArtista contempor\u00e1neo Soy pintor espa\u00f1ol. Vivo en Benissa, en la provincia de Alicante. Expongo mis pinturas en diversas galer\u00edas nacionales [&hellip;]\" \/>\n<meta property=\"og:url\" content=\"https:\/\/www.juandeguzman.art\/en\/juan-de-guzman-pintor-espanol\/\" \/>\n<meta property=\"og:site_name\" content=\"Juan Jos\u00e9 Rodriguez de Guzm\u00e1n Barba\" \/>\n<meta property=\"article:modified_time\" content=\"2024-06-17T07:57:18+00:00\" \/>\n<meta property=\"og:image\" content=\"https:\/\/www.juandeguzman.art\/wp-content\/uploads\/home-150x150.png\" \/>\n<meta name=\"twitter:card\" content=\"summary_large_image\" \/>\n<meta name=\"twitter:label1\" content=\"Estimated reading time\" \/>\n\t<meta name=\"twitter:data1\" content=\"3 minutes\" \/>\n<script type=\"application\/ld+json\" class=\"yoast-schema-graph\">{\"@context\":\"https:\/\/schema.org\",\"@graph\":[{\"@type\":\"WebPage\",\"@id\":\"https:\/\/www.juandeguzman.art\/juan-de-guzman-pintor-espanol\/\",\"url\":\"https:\/\/www.juandeguzman.art\/juan-de-guzman-pintor-espanol\/\",\"name\":\"Donde me encuentras - Juan Jos\u00e9 Rodriguez de Guzm\u00e1n Barba\",\"isPartOf\":{\"@id\":\"https:\/\/www.juandeguzman.art\/#website\"},\"datePublished\":\"2022-04-13T10:20:58+00:00\",\"dateModified\":\"2024-06-17T07:57:18+00:00\",\"breadcrumb\":{\"@id\":\"https:\/\/www.juandeguzman.art\/juan-de-guzman-pintor-espanol\/#breadcrumb\"},\"inLanguage\":\"en-GB\",\"potentialAction\":[{\"@type\":\"ReadAction\",\"target\":[\"https:\/\/www.juandeguzman.art\/juan-de-guzman-pintor-espanol\/\"]}]},{\"@type\":\"BreadcrumbList\",\"@id\":\"https:\/\/www.juandeguzman.art\/juan-de-guzman-pintor-espanol\/#breadcrumb\",\"itemListElement\":[{\"@type\":\"ListItem\",\"position\":1,\"name\":\"Home\",\"item\":\"https:\/\/www.juandeguzman.art\/\"},{\"@type\":\"ListItem\",\"position\":2,\"name\":\"Donde me encuentras\"}]},{\"@type\":\"WebSite\",\"@id\":\"https:\/\/www.juandeguzman.art\/#website\",\"url\":\"https:\/\/www.juandeguzman.art\/\",\"name\":\"Juan Jos\u00e9 Rodriguez de Guzm\u00e1n Barba - Artista contempor\u00e1neo\",\"description\":\"Artista contempor\u00e1neo\",\"publisher\":{\"@id\":\"https:\/\/www.juandeguzman.art\/#\/schema\/person\/59be02336300246836b0eaecce2d17c3\"},\"alternateName\":\"Sitio web de Artista Juan Jos\u00e9 Rodriguez De Guzm\u00e1n Barba\",\"potentialAction\":[{\"@type\":\"SearchAction\",\"target\":{\"@type\":\"EntryPoint\",\"urlTemplate\":\"https:\/\/www.juandeguzman.art\/?s={search_term_string}\"},\"query-input\":\"required name=search_term_string\"}],\"inLanguage\":\"en-GB\"},{\"@type\":[\"Person\",\"Organization\"],\"@id\":\"https:\/\/www.juandeguzman.art\/#\/schema\/person\/59be02336300246836b0eaecce2d17c3\",\"name\":\"Juan Jose Rodriguez De Guzman Barba\",\"image\":{\"@type\":\"ImageObject\",\"inLanguage\":\"en-GB\",\"@id\":\"https:\/\/www.juandeguzman.art\/#\/schema\/person\/image\/\",\"url\":\"https:\/\/www.juandeguzman.art\/wp-content\/uploads\/artista_Juan_de_Guzman_logo.png\",\"contentUrl\":\"https:\/\/www.juandeguzman.art\/wp-content\/uploads\/artista_Juan_de_Guzman_logo.png\",\"width\":987,\"height\":205,\"caption\":\"Juan Jose Rodriguez De Guzman Barba\"},\"logo\":{\"@id\":\"https:\/\/www.juandeguzman.art\/#\/schema\/person\/image\/\"},\"sameAs\":[\"https:\/\/www.juandeguzman.art\",\"https:\/\/www.instagram.com\/r._de_guzman\/\",\"https:\/\/www.youtube.com\/@juanjoserodriguezdeguzmanb6146\"]}]}<\/script>\n<!-- \/ Yoast SEO plugin. -->","yoast_head_json":{"title":"Donde me encuentras - Juan Jos\u00e9 Rodriguez de Guzm\u00e1n Barba","robots":{"index":"index","follow":"follow","max-snippet":"max-snippet:-1","max-image-preview":"max-image-preview:large","max-video-preview":"max-video-preview:-1"},"canonical":"https:\/\/www.juandeguzman.art\/en\/juan-de-guzman-pintor-espanol\/","og_locale":"en_GB","og_type":"article","og_title":"Donde me encuentras - Juan Jos\u00e9 Rodriguez de Guzm\u00e1n Barba","og_description":"JUAN DE GUZM\u00c1N \u00a0 Pintor Alicantino Utilice el mapa de Google y descubra c\u00f3mo llegar hasta m\u00ed.Home \/ Juan Jos\u00e9 Rodriguez de Guzm\u00e1n Barba - Pintor AlicantinoAvinguda de la Marina 318 -03720 Benisa, Alicante - Espa\u00f1aArtista contempor\u00e1neo Soy pintor espa\u00f1ol. Vivo en Benissa, en la provincia de Alicante. Expongo mis pinturas en diversas galer\u00edas nacionales [&hellip;]","og_url":"https:\/\/www.juandeguzman.art\/en\/juan-de-guzman-pintor-espanol\/","og_site_name":"Juan Jos\u00e9 Rodriguez de Guzm\u00e1n Barba","article_modified_time":"2024-06-17T07:57:18+00:00","og_image":[{"url":"https:\/\/www.juandeguzman.art\/wp-content\/uploads\/home-150x150.png"}],"twitter_card":"summary_large_image","twitter_misc":{"Estimated reading time":"3 minutes"},"schema":{"@context":"https:\/\/schema.org","@graph":[{"@type":"WebPage","@id":"https:\/\/www.juandeguzman.art\/juan-de-guzman-pintor-espanol\/","url":"https:\/\/www.juandeguzman.art\/juan-de-guzman-pintor-espanol\/","name":"Donde me encuentras - Juan Jos\u00e9 Rodriguez de Guzm\u00e1n Barba","isPartOf":{"@id":"https:\/\/www.juandeguzman.art\/#website"},"datePublished":"2022-04-13T10:20:58+00:00","dateModified":"2024-06-17T07:57:18+00:00","breadcrumb":{"@id":"https:\/\/www.juandeguzman.art\/juan-de-guzman-pintor-espanol\/#breadcrumb"},"inLanguage":"en-GB","potentialAction":[{"@type":"ReadAction","target":["https:\/\/www.juandeguzman.art\/juan-de-guzman-pintor-espanol\/"]}]},{"@type":"BreadcrumbList","@id":"https:\/\/www.juandeguzman.art\/juan-de-guzman-pintor-espanol\/#breadcrumb","itemListElement":[{"@type":"ListItem","position":1,"name":"Home","item":"https:\/\/www.juandeguzman.art\/"},{"@type":"ListItem","position":2,"name":"Donde me encuentras"}]},{"@type":"WebSite","@id":"https:\/\/www.juandeguzman.art\/#website","url":"https:\/\/www.juandeguzman.art\/","name":"Juan Jos\u00e9 Rodriguez de Guzm\u00e1n Barba - Artista contempor\u00e1neo","description":"Artista contempor\u00e1neo","publisher":{"@id":"https:\/\/www.juandeguzman.art\/#\/schema\/person\/59be02336300246836b0eaecce2d17c3"},"alternateName":"Sitio web de Artista Juan Jos\u00e9 Rodriguez De Guzm\u00e1n Barba","potentialAction":[{"@type":"SearchAction","target":{"@type":"EntryPoint","urlTemplate":"https:\/\/www.juandeguzman.art\/?s={search_term_string}"},"query-input":"required name=search_term_string"}],"inLanguage":"en-GB"},{"@type":["Person","Organization"],"@id":"https:\/\/www.juandeguzman.art\/#\/schema\/person\/59be02336300246836b0eaecce2d17c3","name":"Juan Jose Rodriguez De Guzman Barba","image":{"@type":"ImageObject","inLanguage":"en-GB","@id":"https:\/\/www.juandeguzman.art\/#\/schema\/person\/image\/","url":"https:\/\/www.juandeguzman.art\/wp-content\/uploads\/artista_Juan_de_Guzman_logo.png","contentUrl":"https:\/\/www.juandeguzman.art\/wp-content\/uploads\/artista_Juan_de_Guzman_logo.png","width":987,"height":205,"caption":"Juan Jose Rodriguez De Guzman Barba"},"logo":{"@id":"https:\/\/www.juandeguzman.art\/#\/schema\/person\/image\/"},"sameAs":["https:\/\/www.juandeguzman.art","https:\/\/www.instagram.com\/r._de_guzman\/","https:\/\/www.youtube.com\/@juanjoserodriguezdeguzmanb6146"]}]}},"_links":{"self":[{"href":"https:\/\/www.juandeguzman.art\/en\/wp-json\/wp\/v2\/pages\/129"}],"collection":[{"href":"https:\/\/www.juandeguzman.art\/en\/wp-json\/wp\/v2\/pages"}],"about":[{"href":"https:\/\/www.juandeguzman.art\/en\/wp-json\/wp\/v2\/types\/page"}],"author":[{"embeddable":true,"href":"https:\/\/www.juandeguzman.art\/en\/wp-json\/wp\/v2\/users\/1"}],"replies":[{"embeddable":true,"href":"https:\/\/www.juandeguzman.art\/en\/wp-json\/wp\/v2\/comments?post=129"}],"version-history":[{"count":112,"href":"https:\/\/www.juandeguzman.art\/en\/wp-json\/wp\/v2\/pages\/129\/revisions"}],"predecessor-version":[{"id":4324,"href":"https:\/\/www.juandeguzman.art\/en\/wp-json\/wp\/v2\/pages\/129\/revisions\/4324"}],"wp:featuredmedia":[{"embeddable":true,"href":"https:\/\/www.juandeguzman.art\/en\/wp-json\/wp\/v2\/media\/4343"}],"wp:attachment":[{"href":"https:\/\/www.juandeguzman.art\/en\/wp-json\/wp\/v2\/media?parent=129"}],"curies":[{"name":"wp","href":"https:\/\/api.w.org\/{rel}","templated":true}]}}