{"id":1508,"date":"2023-05-17T15:43:56","date_gmt":"2023-05-17T15:43:56","guid":{"rendered":"https:\/\/www.juandeguzman.art\/?page_id=1508"},"modified":"2024-06-17T08:31:45","modified_gmt":"2024-06-17T08:31:45","slug":"videos","status":"publish","type":"page","link":"https:\/\/www.juandeguzman.art\/en\/videos\/","title":{"rendered":"Videos"},"content":{"rendered":"<p class=\"abstract\">Below are all the videos about <strong>Juan Jos\u00e9 Rodriguez de Guzm\u00e1n Barba<\/strong> (check out his <a href=\"https:\/\/www.youtube.com\/@juanjoserodriguezdeguzmanb6146\"><strong>youtube channel<\/strong><\/a>) and his art.<\/p>\n<p><iframe loading=\"lazy\" title=\"de Guzman Juan Jose\u0301 R  Gocce d arte mp4 Gocce d arte\" width=\"1080\" height=\"608\" src=\"https:\/\/www.youtube.com\/embed\/PpK98uGJajU?feature=oembed\"  allow=\"accelerometer; autoplay; clipboard-write; encrypted-media; gyroscope; picture-in-picture; web-share\" referrerpolicy=\"strict-origin-when-cross-origin\" allowfullscreen><\/iframe><\/p>\n<p><iframe loading=\"lazy\" title=\"COSMOGONY OF MATTER AND EMOTIONS. JUANJO GUZMAN.\" width=\"1080\" height=\"608\" src=\"https:\/\/www.youtube.com\/embed\/IhZIJpa1B9g?feature=oembed\"  allow=\"accelerometer; autoplay; clipboard-write; encrypted-media; gyroscope; picture-in-picture; web-share\" referrerpolicy=\"strict-origin-when-cross-origin\" allowfullscreen><\/iframe><\/p>\n<p><iframe loading=\"lazy\" title=\"PAINTING EXHIBITION JUANJO DE GUZM\u00c1N IV\" width=\"1080\" height=\"608\" src=\"https:\/\/www.youtube.com\/embed\/aL15RCFz_fY?feature=oembed\"  allow=\"accelerometer; autoplay; clipboard-write; encrypted-media; gyroscope; picture-in-picture; web-share\" referrerpolicy=\"strict-origin-when-cross-origin\" allowfullscreen><\/iframe><\/p>\n<p><iframe loading=\"lazy\" title=\"PAINTING EXHIBITION JUANJO DE GUZM\u00c1N III\" width=\"1080\" height=\"608\" src=\"https:\/\/www.youtube.com\/embed\/n0BY5UwKZP4?feature=oembed\"  allow=\"accelerometer; autoplay; clipboard-write; encrypted-media; gyroscope; picture-in-picture; web-share\" referrerpolicy=\"strict-origin-when-cross-origin\" allowfullscreen><\/iframe><\/p>\n<p><iframe loading=\"lazy\" title=\"Exhibition Juanjo Guzm\u00e1n\" width=\"1080\" height=\"608\" src=\"https:\/\/www.youtube.com\/embed\/P2MWwhEoBk0?feature=oembed\"  allow=\"accelerometer; autoplay; clipboard-write; encrypted-media; gyroscope; picture-in-picture; web-share\" referrerpolicy=\"strict-origin-when-cross-origin\" allowfullscreen><\/iframe><\/p>\n<p><iframe loading=\"lazy\" title=\"Exhibition Juanjo Guzm\u00e1n\" width=\"1080\" height=\"608\" src=\"https:\/\/www.youtube.com\/embed\/wWfdnPYsi9A?feature=oembed\"  allow=\"accelerometer; autoplay; clipboard-write; encrypted-media; gyroscope; picture-in-picture; web-share\" referrerpolicy=\"strict-origin-when-cross-origin\" allowfullscreen><\/iframe><\/p>\n<p>&nbsp;<\/p>\n<p>&nbsp;<\/p>","protected":false},"excerpt":{"rendered":"<p>A continuaci\u00f3n se muestran todos los v\u00eddeos sobre el artista Juan Jos\u00e9 Rodriguez de Guzm\u00e1n Barba (dale un vistazo al canal de YouTube) y su arte. &nbsp; &nbsp;<\/p>","protected":false},"author":1,"featured_media":4343,"parent":0,"menu_order":0,"comment_status":"closed","ping_status":"closed","template":"","meta":{"pgc_meta":"","_et_pb_use_builder":"","_et_pb_old_content":"","_et_gb_content_width":"","footnotes":""},"pgc_meta":"","yoast_head":"<!-- This site is optimized with the Yoast SEO plugin v21.4 - https:\/\/yoast.com\/wordpress\/plugins\/seo\/ -->\n<title>Videos - Juan Jos\u00e9 Rodriguez de Guzm\u00e1n Barba<\/title>\n<meta name=\"robots\" content=\"index, follow, max-snippet:-1, max-image-preview:large, max-video-preview:-1\" \/>\n<link rel=\"canonical\" href=\"https:\/\/www.juandeguzman.art\/en\/videos\/\" \/>\n<meta property=\"og:locale\" content=\"en_GB\" \/>\n<meta property=\"og:type\" content=\"article\" \/>\n<meta property=\"og:title\" content=\"Videos - Juan Jos\u00e9 Rodriguez de Guzm\u00e1n Barba\" \/>\n<meta property=\"og:description\" content=\"A continuaci\u00f3n se muestran todos los v\u00eddeos sobre el artista Juan Jos\u00e9 Rodriguez de Guzm\u00e1n Barba (dale un vistazo al canal de YouTube) y su arte. &nbsp; &nbsp;\" \/>\n<meta property=\"og:url\" content=\"https:\/\/www.juandeguzman.art\/en\/videos\/\" \/>\n<meta property=\"og:site_name\" content=\"Juan Jos\u00e9 Rodriguez de Guzm\u00e1n Barba\" \/>\n<meta property=\"article:modified_time\" content=\"2024-06-17T08:31:45+00:00\" \/>\n<meta name=\"twitter:card\" content=\"summary_large_image\" \/>\n<meta name=\"twitter:label1\" content=\"Estimated reading time\" \/>\n\t<meta name=\"twitter:data1\" content=\"1 minute\" \/>\n<script type=\"application\/ld+json\" class=\"yoast-schema-graph\">{\"@context\":\"https:\/\/schema.org\",\"@graph\":[{\"@type\":\"WebPage\",\"@id\":\"https:\/\/www.juandeguzman.art\/videos\/\",\"url\":\"https:\/\/www.juandeguzman.art\/videos\/\",\"name\":\"Videos - Juan Jos\u00e9 Rodriguez de Guzm\u00e1n Barba\",\"isPartOf\":{\"@id\":\"https:\/\/www.juandeguzman.art\/#website\"},\"datePublished\":\"2023-05-17T15:43:56+00:00\",\"dateModified\":\"2024-06-17T08:31:45+00:00\",\"breadcrumb\":{\"@id\":\"https:\/\/www.juandeguzman.art\/videos\/#breadcrumb\"},\"inLanguage\":\"en-GB\",\"potentialAction\":[{\"@type\":\"ReadAction\",\"target\":[\"https:\/\/www.juandeguzman.art\/videos\/\"]}]},{\"@type\":\"BreadcrumbList\",\"@id\":\"https:\/\/www.juandeguzman.art\/videos\/#breadcrumb\",\"itemListElement\":[{\"@type\":\"ListItem\",\"position\":1,\"name\":\"Home\",\"item\":\"https:\/\/www.juandeguzman.art\/\"},{\"@type\":\"ListItem\",\"position\":2,\"name\":\"Videos\"}]},{\"@type\":\"WebSite\",\"@id\":\"https:\/\/www.juandeguzman.art\/#website\",\"url\":\"https:\/\/www.juandeguzman.art\/\",\"name\":\"Juan Jos\u00e9 Rodriguez de Guzm\u00e1n Barba - Artista contempor\u00e1neo\",\"description\":\"Artista contempor\u00e1neo\",\"publisher\":{\"@id\":\"https:\/\/www.juandeguzman.art\/#\/schema\/person\/59be02336300246836b0eaecce2d17c3\"},\"alternateName\":\"Sitio web de Artista Juan Jos\u00e9 Rodriguez De Guzm\u00e1n Barba\",\"potentialAction\":[{\"@type\":\"SearchAction\",\"target\":{\"@type\":\"EntryPoint\",\"urlTemplate\":\"https:\/\/www.juandeguzman.art\/?s={search_term_string}\"},\"query-input\":\"required name=search_term_string\"}],\"inLanguage\":\"en-GB\"},{\"@type\":[\"Person\",\"Organization\"],\"@id\":\"https:\/\/www.juandeguzman.art\/#\/schema\/person\/59be02336300246836b0eaecce2d17c3\",\"name\":\"Juan Jose Rodriguez De Guzman Barba\",\"image\":{\"@type\":\"ImageObject\",\"inLanguage\":\"en-GB\",\"@id\":\"https:\/\/www.juandeguzman.art\/#\/schema\/person\/image\/\",\"url\":\"https:\/\/www.juandeguzman.art\/wp-content\/uploads\/artista_Juan_de_Guzman_logo.png\",\"contentUrl\":\"https:\/\/www.juandeguzman.art\/wp-content\/uploads\/artista_Juan_de_Guzman_logo.png\",\"width\":987,\"height\":205,\"caption\":\"Juan Jose Rodriguez De Guzman Barba\"},\"logo\":{\"@id\":\"https:\/\/www.juandeguzman.art\/#\/schema\/person\/image\/\"},\"sameAs\":[\"https:\/\/www.juandeguzman.art\",\"https:\/\/www.instagram.com\/r._de_guzman\/\",\"https:\/\/www.youtube.com\/@juanjoserodriguezdeguzmanb6146\"]}]}<\/script>\n<!-- \/ Yoast SEO plugin. -->","yoast_head_json":{"title":"Videos - Juan Jos\u00e9 Rodriguez de Guzm\u00e1n Barba","robots":{"index":"index","follow":"follow","max-snippet":"max-snippet:-1","max-image-preview":"max-image-preview:large","max-video-preview":"max-video-preview:-1"},"canonical":"https:\/\/www.juandeguzman.art\/en\/videos\/","og_locale":"en_GB","og_type":"article","og_title":"Videos - Juan Jos\u00e9 Rodriguez de Guzm\u00e1n Barba","og_description":"A continuaci\u00f3n se muestran todos los v\u00eddeos sobre el artista Juan Jos\u00e9 Rodriguez de Guzm\u00e1n Barba (dale un vistazo al canal de YouTube) y su arte. &nbsp; &nbsp;","og_url":"https:\/\/www.juandeguzman.art\/en\/videos\/","og_site_name":"Juan Jos\u00e9 Rodriguez de Guzm\u00e1n Barba","article_modified_time":"2024-06-17T08:31:45+00:00","twitter_card":"summary_large_image","twitter_misc":{"Estimated reading time":"1 minute"},"schema":{"@context":"https:\/\/schema.org","@graph":[{"@type":"WebPage","@id":"https:\/\/www.juandeguzman.art\/videos\/","url":"https:\/\/www.juandeguzman.art\/videos\/","name":"Videos - Juan Jos\u00e9 Rodriguez de Guzm\u00e1n Barba","isPartOf":{"@id":"https:\/\/www.juandeguzman.art\/#website"},"datePublished":"2023-05-17T15:43:56+00:00","dateModified":"2024-06-17T08:31:45+00:00","breadcrumb":{"@id":"https:\/\/www.juandeguzman.art\/videos\/#breadcrumb"},"inLanguage":"en-GB","potentialAction":[{"@type":"ReadAction","target":["https:\/\/www.juandeguzman.art\/videos\/"]}]},{"@type":"BreadcrumbList","@id":"https:\/\/www.juandeguzman.art\/videos\/#breadcrumb","itemListElement":[{"@type":"ListItem","position":1,"name":"Home","item":"https:\/\/www.juandeguzman.art\/"},{"@type":"ListItem","position":2,"name":"Videos"}]},{"@type":"WebSite","@id":"https:\/\/www.juandeguzman.art\/#website","url":"https:\/\/www.juandeguzman.art\/","name":"Juan Jos\u00e9 Rodriguez de Guzm\u00e1n Barba - Artista contempor\u00e1neo","description":"Artista contempor\u00e1neo","publisher":{"@id":"https:\/\/www.juandeguzman.art\/#\/schema\/person\/59be02336300246836b0eaecce2d17c3"},"alternateName":"Sitio web de Artista Juan Jos\u00e9 Rodriguez De Guzm\u00e1n Barba","potentialAction":[{"@type":"SearchAction","target":{"@type":"EntryPoint","urlTemplate":"https:\/\/www.juandeguzman.art\/?s={search_term_string}"},"query-input":"required name=search_term_string"}],"inLanguage":"en-GB"},{"@type":["Person","Organization"],"@id":"https:\/\/www.juandeguzman.art\/#\/schema\/person\/59be02336300246836b0eaecce2d17c3","name":"Juan Jose Rodriguez De Guzman Barba","image":{"@type":"ImageObject","inLanguage":"en-GB","@id":"https:\/\/www.juandeguzman.art\/#\/schema\/person\/image\/","url":"https:\/\/www.juandeguzman.art\/wp-content\/uploads\/artista_Juan_de_Guzman_logo.png","contentUrl":"https:\/\/www.juandeguzman.art\/wp-content\/uploads\/artista_Juan_de_Guzman_logo.png","width":987,"height":205,"caption":"Juan Jose Rodriguez De Guzman Barba"},"logo":{"@id":"https:\/\/www.juandeguzman.art\/#\/schema\/person\/image\/"},"sameAs":["https:\/\/www.juandeguzman.art","https:\/\/www.instagram.com\/r._de_guzman\/","https:\/\/www.youtube.com\/@juanjoserodriguezdeguzmanb6146"]}]}},"_links":{"self":[{"href":"https:\/\/www.juandeguzman.art\/en\/wp-json\/wp\/v2\/pages\/1508"}],"collection":[{"href":"https:\/\/www.juandeguzman.art\/en\/wp-json\/wp\/v2\/pages"}],"about":[{"href":"https:\/\/www.juandeguzman.art\/en\/wp-json\/wp\/v2\/types\/page"}],"author":[{"embeddable":true,"href":"https:\/\/www.juandeguzman.art\/en\/wp-json\/wp\/v2\/users\/1"}],"replies":[{"embeddable":true,"href":"https:\/\/www.juandeguzman.art\/en\/wp-json\/wp\/v2\/comments?post=1508"}],"version-history":[{"count":43,"href":"https:\/\/www.juandeguzman.art\/en\/wp-json\/wp\/v2\/pages\/1508\/revisions"}],"predecessor-version":[{"id":4337,"href":"https:\/\/www.juandeguzman.art\/en\/wp-json\/wp\/v2\/pages\/1508\/revisions\/4337"}],"wp:featuredmedia":[{"embeddable":true,"href":"https:\/\/www.juandeguzman.art\/en\/wp-json\/wp\/v2\/media\/4343"}],"wp:attachment":[{"href":"https:\/\/www.juandeguzman.art\/en\/wp-json\/wp\/v2\/media?parent=1508"}],"curies":[{"name":"wp","href":"https:\/\/api.w.org\/{rel}","templated":true}]}}