{"id":176,"date":"2022-04-13T15:24:30","date_gmt":"2022-04-13T15:24:30","guid":{"rendered":"https:\/\/www.juandeguzman.art\/?page_id=176"},"modified":"2025-01-08T09:46:55","modified_gmt":"2025-01-08T09:46:55","slug":"cookie-policy","status":"publish","type":"page","link":"https:\/\/www.juandeguzman.art\/en\/cookie-policy\/","title":{"rendered":"Cookie Policy"},"content":{"rendered":"<h1 class=\"entry-title main_title\"><strong>Extended information on cookies<\/strong><\/h1>\n<div class=\"entry-content\">\n<p>The 3rd June 2014 the Guarantor for the protection of personal data has published in the Official Journal the provision concerning the identification of simplified procedures to inform and acquire the consent for the use of cookies. The provision also identifies the responsibilities of \u201cpublishers\u201d and \u201cthird parties\u201d with reference to these obligations (provision no. 229 of 8 May 2014).<\/p>\n<h3><strong>What are cookies?<\/strong><\/h3>\n<p>A \u201ccookie\u201d is a text file that websites send to the visitor\u2019s computer to identify univocally the visitor\u2019s browser or to save information or settings in the browser. When the User returns to visit the website, this information can be recovered. While browsing a website, the user may also receive on his computer cookies from sites (of \u201cthird parties\u201d) other than the one he is visiting; this can happen because the website he is visiting may also include elements such as statistics, chats, images, maps, etc. which are situated on other servers.<\/p>\n<h3><strong>Types of cookies<\/strong><\/h3>\n<ul>\n<li>Technical cookies: there are 2 types of them:\n<ul>\n<li><strong>Persistent<\/strong>: once the browser is closed, they are not destroyed until an already set up expiration date;<\/li>\n<li><strong>Session <\/strong>they are destroyed every time the browser is closed, they are used for the sole purpose of keeping track of the user\u2019s session while browsing. For example, they allow the user to make a purchase or to log in and access to restricted areas.<\/li>\n<\/ul>\n<\/li>\n<li>Analytical cookies: They have statistical purposes and are assimilated to technical cookies, they collect information, in aggregate form, concerning the accesses, the number of users and how they use the website.<\/li>\n<li>Functional cookies: in order to improve the service, they store some user\u2019s preferences such as language, products selected for purchase, etc.<\/li>\n<li>Profiling cookies: the purpose is to create user profiles and then show advertising messages in line with the preferences expressed by the user while surfing the internet.<\/li>\n<\/ul>\n<h3><strong>The Guarantor distinguishes the aforementioned requirements based on the type of cookies used:<\/strong><\/h3>\n<ul>\n<li>Technical cookies which are also equivalent to navigation cookies, analytics cookies and functionality cookies. The user must be informed of these cookies but his consent is not required;<\/li>\n<li>Profiling cookies. For this type of cookie, in addition to the information, the user\u2019s consent is also required for their installation. When users access the Home Page or other pages of the website, \u201cpublishers\u201d must make available a brief notice concerning the use of profiling cookies containing a link that also allows to access to more detailed information, including, information related to third-party cookies. It must be clear from the text of the communication that by continuing to browse the website, you accept the use of cookies.<\/li>\n<\/ul>\n<h3><strong>What cookies are used on the website?<\/strong><\/h3>\n<ul>\n<li>The website <strong>uses technical cookies<\/strong> which are essential for the functionality of the website itself. These cookies are not stored on the user\u2019s computer but remain in the browser\u2019s memory only during the browsing of the website.<\/li>\n<li>The website contains external components, such as maps, statistics, social icons and, therefore, third-party cookies may be used. The links to the policies of these third-party cookies are indicated below. This website has no control over the cookies that are used by third parties, which have their own privacy policy that may be different from the one adopted by this website.<\/li>\n<\/ul>\n<h3><strong>It is possible, then, to review the privacy policies of these third parties present on the site<\/strong><\/h3>\n<ul>\n<li>The website uses the statistics of <strong>Google Analytics<\/strong>\u00a0<a href=\"https:\/\/marketingplatform.google.com\/intl\/es\/about\/\" target=\"_blank\" rel=\"noopener noreferrer\">Privacy Policy<\/a>\u00a0\u2013\u00a0<a href=\"https:\/\/policies.google.com\/technologies\/partner-sites?gl=it&amp;hl=es\" target=\"_blank\" rel=\"noopener noreferrer\">Privacy Policy Partner<\/a>\u00a0\u2013\u00a0<a href=\"https:\/\/policies.google.com\/technologies\/cookies?hl=es&amp;gl=it\" target=\"_blank\" rel=\"noopener noreferrer\">Cookie Policy<\/a>;<\/li>\n<li>It is possible to selectively disable the action of Google Analytics by installing the component <a href=\"https:\/\/tools.google.com\/dlpage\/gaoptout\/?hl=es\" target=\"_blank\" rel=\"noopener noreferrer\">opt-out provided by Google<\/a>;<\/li>\n<li>The website uses an <strong>addthis<\/strong> script to print or share the contents of the website via email or through social networks. <a href=\"http:\/\/www.addthis.com\/privacy?utm_source=mf&amp;utm_medium=link&amp;utm_content=AT_privacy_MF15PC&amp;utm_campaign=AT_privacy\" target=\"_blank\" rel=\"noopener noreferrer\">Privacy Policy<\/a>.<\/li>\n<\/ul>\n<h3><strong>Other notices concerning links \/ badges present on the website<\/strong><\/h3>\n<ul>\n<li>Google+ (<a href=\"https:\/\/policies.google.com\/technologies\/cookies?hl=es&amp;gl=it#types-of-cookies\" target=\"_blank\" rel=\"noopener noreferrer\">notice<\/a>)<\/li>\n<li>Google Maps (<a href=\"https:\/\/policies.google.com\/technologies\/cookies?hl=es&amp;gl=it\" target=\"_blank\" rel=\"noopener noreferrer\">notice<\/a>)<\/li>\n<li>Facebook (<a href=\"https:\/\/es-la.facebook.com\/privacy\/policy\/\" target=\"_blank\" rel=\"noopener noreferrer\">notice<\/a>)<\/li>\n<li>Twitter (<a href=\"https:\/\/help.x.com\/es\/rules-and-policies\/x-cookies\" target=\"_blank\" rel=\"noopener noreferrer\">notice<\/a>)<\/li>\n<li>Linkedin (<a href=\"https:\/\/es.linkedin.com\/legal\/cookie-policy?\" target=\"_blank\" rel=\"noopener noreferrer\">notice<\/a>)<\/li>\n<li>YouTube (<a href=\"https:\/\/www.youtube.com\/intl\/ALL_es\/howyoutubeworks\/policies\/community-guidelines\/\" target=\"_blank\" rel=\"noopener noreferrer\">notice<\/a>)<\/li>\n<\/ul>\n<p><strong>By continuing to browse the website, you accept the use of the cookies indicated.<\/strong><\/p>\n<h3><strong>How can I change the cookie settings?<\/strong><\/h3>\n<p>Most of the navigation software \/ browsers allow you to delete the cookies that are present on the hard drive of your computer or even to change their settings, with also the possibility of blocking the approval of cookies.\u00a0<strong>However, we must point out that most of the modern websites will not be able to function properly with settings that are too restrictive.<\/strong>.<\/p>\n<h3><strong>How to change the settings for:<\/strong><\/h3>\n<ul>\n<li><a href=\"https:\/\/policies.google.com\/technologies\/cookies?hl=es#managing-cookies\" target=\"http:\/\/www.google.com\/policies\/technologies\/managing\/\" rel=\"noopener\">Google Chrome<\/a><\/li>\n<li><a href=\"https:\/\/www.mozilla.org\/es-ES\/privacy\/websites\/?_gl=1%2A1i004ob%2A_ga%2ANzA2NDc5ODg3LjE3MjY1Njc5ODA.%2A_ga_2VC139B3XV%2AMTczNjMyOTM4Ni4xLjEuMTczNjMyOTQ2Mi4wLjAuMA..#user-choices\" target=\"_blank\" rel=\"noopener noreferrer\">Mozilla Firefox<\/a><\/li>\n<li><a href=\"https:\/\/support.microsoft.com\/es-es\/windows\/administrar-cookies-en-microsoft-edge-ver-permitir-bloquear-eliminar-y-usar-168dab11-0753-043d-7c16-ede5947fc64d\" target=\"_blank\" rel=\"noopener noreferrer\">Internet Explorer<\/a><\/li>\n<li><a href=\"https:\/\/support.apple.com\/es-es\/105082\" target=\"_blank\" rel=\"noopener noreferrer\">Safari<\/a><\/li>\n<li><a href=\"http:\/\/help.opera.com\/Mac\/12.10\/it\/cookies.html\" target=\"_blank\" rel=\"noopener noreferrer\">Opera<\/a><\/li>\n<\/ul>\n<p>This page can always be reached through the <strong>Cookie Policy<\/strong> link at the end notes of all the pages of the website.<\/p>\n<\/div>","protected":false},"excerpt":{"rendered":"<p>Informaci\u00f3n ampliada sobre las cookies El Garante para la protecci\u00f3n de los datos personales public\u00f3 en el Diario Oficial el 3 de junio de 2014 la medida de Identificaci\u00f3n de las modalidades simplificadas para la informaci\u00f3n y la adquisici\u00f3n del consentimiento para el uso de cookies, identificando tambi\u00e9n las responsabilidades de \u00abeditores\u00bb y \u00abterceros\u00bb en [&hellip;]<\/p>","protected":false},"author":1,"featured_media":4343,"parent":0,"menu_order":0,"comment_status":"closed","ping_status":"open","template":"","meta":{"pgc_meta":"","_et_pb_use_builder":"off","_et_pb_old_content":"","_et_gb_content_width":"","footnotes":""},"pgc_meta":"","yoast_head":"<!-- This site is optimized with the Yoast SEO plugin v21.4 - https:\/\/yoast.com\/wordpress\/plugins\/seo\/ -->\n<title>Cookie Policy - Juan Jos\u00e9 Rodriguez de Guzm\u00e1n Barba<\/title>\n<meta name=\"robots\" content=\"index, follow, max-snippet:-1, max-image-preview:large, max-video-preview:-1\" \/>\n<link rel=\"canonical\" href=\"https:\/\/www.juandeguzman.art\/en\/cookie-policy\/\" \/>\n<meta property=\"og:locale\" content=\"en_GB\" \/>\n<meta property=\"og:type\" content=\"article\" \/>\n<meta property=\"og:title\" content=\"Cookie Policy - Juan Jos\u00e9 Rodriguez de Guzm\u00e1n Barba\" \/>\n<meta property=\"og:description\" content=\"Informaci\u00f3n ampliada sobre las cookies El Garante para la protecci\u00f3n de los datos personales public\u00f3 en el Diario Oficial el 3 de junio de 2014 la medida de Identificaci\u00f3n de las modalidades simplificadas para la informaci\u00f3n y la adquisici\u00f3n del consentimiento para el uso de cookies, identificando tambi\u00e9n las responsabilidades de \u00abeditores\u00bb y \u00abterceros\u00bb en [&hellip;]\" \/>\n<meta property=\"og:url\" content=\"https:\/\/www.juandeguzman.art\/en\/cookie-policy\/\" \/>\n<meta property=\"og:site_name\" content=\"Juan Jos\u00e9 Rodriguez de Guzm\u00e1n Barba\" \/>\n<meta property=\"article:modified_time\" content=\"2025-01-08T09:46:55+00:00\" \/>\n<meta name=\"twitter:card\" content=\"summary_large_image\" \/>\n<meta name=\"twitter:label1\" content=\"Estimated reading time\" \/>\n\t<meta name=\"twitter:data1\" content=\"4 minutes\" \/>\n<script type=\"application\/ld+json\" class=\"yoast-schema-graph\">{\"@context\":\"https:\/\/schema.org\",\"@graph\":[{\"@type\":\"WebPage\",\"@id\":\"https:\/\/www.juandeguzman.art\/cookie-policy\/\",\"url\":\"https:\/\/www.juandeguzman.art\/cookie-policy\/\",\"name\":\"Cookie Policy - Juan Jos\u00e9 Rodriguez de Guzm\u00e1n Barba\",\"isPartOf\":{\"@id\":\"https:\/\/www.juandeguzman.art\/#website\"},\"datePublished\":\"2022-04-13T15:24:30+00:00\",\"dateModified\":\"2025-01-08T09:46:55+00:00\",\"breadcrumb\":{\"@id\":\"https:\/\/www.juandeguzman.art\/cookie-policy\/#breadcrumb\"},\"inLanguage\":\"en-GB\",\"potentialAction\":[{\"@type\":\"ReadAction\",\"target\":[\"https:\/\/www.juandeguzman.art\/cookie-policy\/\"]}]},{\"@type\":\"BreadcrumbList\",\"@id\":\"https:\/\/www.juandeguzman.art\/cookie-policy\/#breadcrumb\",\"itemListElement\":[{\"@type\":\"ListItem\",\"position\":1,\"name\":\"Home\",\"item\":\"https:\/\/www.juandeguzman.art\/\"},{\"@type\":\"ListItem\",\"position\":2,\"name\":\"Cookie Policy\"}]},{\"@type\":\"WebSite\",\"@id\":\"https:\/\/www.juandeguzman.art\/#website\",\"url\":\"https:\/\/www.juandeguzman.art\/\",\"name\":\"Juan Jos\u00e9 Rodriguez de Guzm\u00e1n Barba - Artista contempor\u00e1neo\",\"description\":\"Artista contempor\u00e1neo\",\"publisher\":{\"@id\":\"https:\/\/www.juandeguzman.art\/#\/schema\/person\/59be02336300246836b0eaecce2d17c3\"},\"alternateName\":\"Sitio web de Artista Juan Jos\u00e9 Rodriguez De Guzm\u00e1n Barba\",\"potentialAction\":[{\"@type\":\"SearchAction\",\"target\":{\"@type\":\"EntryPoint\",\"urlTemplate\":\"https:\/\/www.juandeguzman.art\/?s={search_term_string}\"},\"query-input\":\"required name=search_term_string\"}],\"inLanguage\":\"en-GB\"},{\"@type\":[\"Person\",\"Organization\"],\"@id\":\"https:\/\/www.juandeguzman.art\/#\/schema\/person\/59be02336300246836b0eaecce2d17c3\",\"name\":\"Juan Jose Rodriguez De Guzman Barba\",\"image\":{\"@type\":\"ImageObject\",\"inLanguage\":\"en-GB\",\"@id\":\"https:\/\/www.juandeguzman.art\/#\/schema\/person\/image\/\",\"url\":\"https:\/\/www.juandeguzman.art\/wp-content\/uploads\/artista_Juan_de_Guzman_logo.png\",\"contentUrl\":\"https:\/\/www.juandeguzman.art\/wp-content\/uploads\/artista_Juan_de_Guzman_logo.png\",\"width\":987,\"height\":205,\"caption\":\"Juan Jose Rodriguez De Guzman Barba\"},\"logo\":{\"@id\":\"https:\/\/www.juandeguzman.art\/#\/schema\/person\/image\/\"},\"sameAs\":[\"https:\/\/www.juandeguzman.art\",\"https:\/\/www.instagram.com\/r._de_guzman\/\",\"https:\/\/www.youtube.com\/@juanjoserodriguezdeguzmanb6146\"]}]}<\/script>\n<!-- \/ Yoast SEO plugin. -->","yoast_head_json":{"title":"Cookie Policy - Juan Jos\u00e9 Rodriguez de Guzm\u00e1n Barba","robots":{"index":"index","follow":"follow","max-snippet":"max-snippet:-1","max-image-preview":"max-image-preview:large","max-video-preview":"max-video-preview:-1"},"canonical":"https:\/\/www.juandeguzman.art\/en\/cookie-policy\/","og_locale":"en_GB","og_type":"article","og_title":"Cookie Policy - Juan Jos\u00e9 Rodriguez de Guzm\u00e1n Barba","og_description":"Informaci\u00f3n ampliada sobre las cookies El Garante para la protecci\u00f3n de los datos personales public\u00f3 en el Diario Oficial el 3 de junio de 2014 la medida de Identificaci\u00f3n de las modalidades simplificadas para la informaci\u00f3n y la adquisici\u00f3n del consentimiento para el uso de cookies, identificando tambi\u00e9n las responsabilidades de \u00abeditores\u00bb y \u00abterceros\u00bb en [&hellip;]","og_url":"https:\/\/www.juandeguzman.art\/en\/cookie-policy\/","og_site_name":"Juan Jos\u00e9 Rodriguez de Guzm\u00e1n Barba","article_modified_time":"2025-01-08T09:46:55+00:00","twitter_card":"summary_large_image","twitter_misc":{"Estimated reading time":"4 minutes"},"schema":{"@context":"https:\/\/schema.org","@graph":[{"@type":"WebPage","@id":"https:\/\/www.juandeguzman.art\/cookie-policy\/","url":"https:\/\/www.juandeguzman.art\/cookie-policy\/","name":"Cookie Policy - Juan Jos\u00e9 Rodriguez de Guzm\u00e1n Barba","isPartOf":{"@id":"https:\/\/www.juandeguzman.art\/#website"},"datePublished":"2022-04-13T15:24:30+00:00","dateModified":"2025-01-08T09:46:55+00:00","breadcrumb":{"@id":"https:\/\/www.juandeguzman.art\/cookie-policy\/#breadcrumb"},"inLanguage":"en-GB","potentialAction":[{"@type":"ReadAction","target":["https:\/\/www.juandeguzman.art\/cookie-policy\/"]}]},{"@type":"BreadcrumbList","@id":"https:\/\/www.juandeguzman.art\/cookie-policy\/#breadcrumb","itemListElement":[{"@type":"ListItem","position":1,"name":"Home","item":"https:\/\/www.juandeguzman.art\/"},{"@type":"ListItem","position":2,"name":"Cookie Policy"}]},{"@type":"WebSite","@id":"https:\/\/www.juandeguzman.art\/#website","url":"https:\/\/www.juandeguzman.art\/","name":"Juan Jos\u00e9 Rodriguez de Guzm\u00e1n Barba - Artista contempor\u00e1neo","description":"Artista contempor\u00e1neo","publisher":{"@id":"https:\/\/www.juandeguzman.art\/#\/schema\/person\/59be02336300246836b0eaecce2d17c3"},"alternateName":"Sitio web de Artista Juan Jos\u00e9 Rodriguez De Guzm\u00e1n Barba","potentialAction":[{"@type":"SearchAction","target":{"@type":"EntryPoint","urlTemplate":"https:\/\/www.juandeguzman.art\/?s={search_term_string}"},"query-input":"required name=search_term_string"}],"inLanguage":"en-GB"},{"@type":["Person","Organization"],"@id":"https:\/\/www.juandeguzman.art\/#\/schema\/person\/59be02336300246836b0eaecce2d17c3","name":"Juan Jose Rodriguez De Guzman Barba","image":{"@type":"ImageObject","inLanguage":"en-GB","@id":"https:\/\/www.juandeguzman.art\/#\/schema\/person\/image\/","url":"https:\/\/www.juandeguzman.art\/wp-content\/uploads\/artista_Juan_de_Guzman_logo.png","contentUrl":"https:\/\/www.juandeguzman.art\/wp-content\/uploads\/artista_Juan_de_Guzman_logo.png","width":987,"height":205,"caption":"Juan Jose Rodriguez De Guzman Barba"},"logo":{"@id":"https:\/\/www.juandeguzman.art\/#\/schema\/person\/image\/"},"sameAs":["https:\/\/www.juandeguzman.art","https:\/\/www.instagram.com\/r._de_guzman\/","https:\/\/www.youtube.com\/@juanjoserodriguezdeguzmanb6146"]}]}},"_links":{"self":[{"href":"https:\/\/www.juandeguzman.art\/en\/wp-json\/wp\/v2\/pages\/176"}],"collection":[{"href":"https:\/\/www.juandeguzman.art\/en\/wp-json\/wp\/v2\/pages"}],"about":[{"href":"https:\/\/www.juandeguzman.art\/en\/wp-json\/wp\/v2\/types\/page"}],"author":[{"embeddable":true,"href":"https:\/\/www.juandeguzman.art\/en\/wp-json\/wp\/v2\/users\/1"}],"replies":[{"embeddable":true,"href":"https:\/\/www.juandeguzman.art\/en\/wp-json\/wp\/v2\/comments?post=176"}],"version-history":[{"count":11,"href":"https:\/\/www.juandeguzman.art\/en\/wp-json\/wp\/v2\/pages\/176\/revisions"}],"predecessor-version":[{"id":5339,"href":"https:\/\/www.juandeguzman.art\/en\/wp-json\/wp\/v2\/pages\/176\/revisions\/5339"}],"wp:featuredmedia":[{"embeddable":true,"href":"https:\/\/www.juandeguzman.art\/en\/wp-json\/wp\/v2\/media\/4343"}],"wp:attachment":[{"href":"https:\/\/www.juandeguzman.art\/en\/wp-json\/wp\/v2\/media?parent=176"}],"curies":[{"name":"wp","href":"https:\/\/api.w.org\/{rel}","templated":true}]}}