{"id":1992,"date":"2023-10-25T08:31:54","date_gmt":"2023-10-25T08:31:54","guid":{"rendered":"https:\/\/www.juandeguzman.art\/?page_id=1992"},"modified":"2024-05-27T11:17:33","modified_gmt":"2024-05-27T11:17:33","slug":"cosmogonia-materia-y-emociones-mara-estelles-contreras","status":"publish","type":"page","link":"https:\/\/www.juandeguzman.art\/en\/criticas-arte\/cosmogonia-materia-y-emociones-mara-estelles-contreras\/","title":{"rendered":"Cosmogony of matter and emotions"},"content":{"rendered":"<blockquote><p><img loading=\"lazy\" decoding=\"async\" class=\"wp-image-2200 alignleft\" src=\"\/wp-content\/uploads\/Mara_Estelles_Contreras.png\" alt=\"\" width=\"176\" height=\"176\" \/>\u00abThe painting, at once delicate and powerful, accompanied by a matter bent and forced to be something else, in the service of pure expression, shows us the cosmos of emotions.<\/p>\n<p>It is an intimate and vast universe that\nastonishes us with its power to move.<br \/>\n\u201cCorazones Desgarrados\u201d (Heartbreaks) overwhelms, where colour explains and makes us feel the reason for the pain.<\/p>\n<p>He is a FAUVE painter and his NATURALISTIC ABSTRACT MATERIAL FAUVISM explains his world with his particular way of understanding life through emotions.<\/p>\n<p>Joy of life is the chromatic note that impregnates everything with bright, clean, vibrant colours.<\/p>\n<p>If paintings could speak, they would do it with the velvet voice of this painter and his vital impetus.\u00bb<\/p>\n<p>&nbsp;<\/p><\/blockquote>\n<p style=\"text-align: right;\"><em>Mara Estell\u00e9s Contreras<\/em><\/p>\n<p><iframe loading=\"lazy\" title=\"COSMOGONIA DE LA MATERIA Y LAS EMOCIONES. JUANJO GUZMAN\" src=\"https:\/\/www.youtube.com\/embed\/IhZIJpa1B9g?si=NNl35lJ7ElWTxqG2\" width=\"1200\" height=\"615\" frameborder=\"0\" allowfullscreen=\"allowfullscreen\"><span data-mce-type=\"bookmark\" style=\"display: inline-block; width: 0px; overflow: hidden; line-height: 0;\" class=\"mce_SELRES_start\"><\/span><span data-mce-type=\"bookmark\" style=\"display: inline-block; width: 0px; overflow: hidden; line-height: 0;\" class=\"mce_SELRES_start\"><\/span><\/iframe><\/p>\n<h2 style=\"font-size: 15px; text-align: center; font-weight: bold; margin-top: 5px;\">COSMOGONY OF MATTER AND EMOTIONS. JUANJO GUZMAN.<\/h2>\n<hr \/>\n<p><strong>EXHIBITION COMMISSIONER<\/strong><br \/>\nDoctor of Fine Arts. Professor of Drawing. Art Critic.  Awarded the Best Art Book of the Year by the Mail of Art of Madrid, for the critical study and design on the painter Francisco Lozano. Extraordinary Prize in painting and drawing. Writer.<\/p>","protected":false},"excerpt":{"rendered":"<p>&#8211; Mara Estell\u00e9s Contreras<\/p>","protected":false},"author":5175,"featured_media":4020,"parent":1925,"menu_order":0,"comment_status":"closed","ping_status":"closed","template":"","meta":{"_et_pb_use_builder":"","_et_pb_old_content":"","_et_gb_content_width":"","footnotes":""},"class_list":["post-1992","page","type-page","status-publish","has-post-thumbnail","hentry"],"yoast_head":"<!-- This site is optimized with the Yoast SEO plugin v27.4 - https:\/\/yoast.com\/product\/yoast-seo-wordpress\/ -->\n<title>Cosmogonia de la materia y las emociones - Juan de Guzm\u00e1n<\/title>\n<meta name=\"robots\" content=\"index, follow, max-snippet:-1, max-image-preview:large, max-video-preview:-1\" \/>\n<link rel=\"canonical\" href=\"https:\/\/www.juandeguzman.art\/en\/criticas-arte\/cosmogonia-materia-y-emociones-mara-estelles-contreras\/\" \/>\n<meta property=\"og:locale\" content=\"en_GB\" \/>\n<meta property=\"og:type\" content=\"article\" \/>\n<meta property=\"og:title\" content=\"Cosmogonia de la materia y las emociones - Juan de Guzm\u00e1n\" \/>\n<meta property=\"og:description\" content=\"- Mara Estell\u00e9s Contreras\" \/>\n<meta property=\"og:url\" content=\"https:\/\/www.juandeguzman.art\/en\/criticas-arte\/cosmogonia-materia-y-emociones-mara-estelles-contreras\/\" \/>\n<meta property=\"og:site_name\" content=\"Juan de Guzm\u00e1n\" \/>\n<meta property=\"article:modified_time\" content=\"2024-05-27T11:17:33+00:00\" \/>\n<meta property=\"og:image\" content=\"https:\/\/www.juandeguzman.art\/wp-content\/uploads\/Mara_Estelles_Contreras.png\" \/>\n\t<meta property=\"og:image:width\" content=\"227\" \/>\n\t<meta property=\"og:image:height\" content=\"306\" \/>\n\t<meta property=\"og:image:type\" content=\"image\/png\" \/>\n<meta name=\"twitter:card\" content=\"summary_large_image\" \/>\n<meta name=\"twitter:label1\" content=\"Estimated reading time\" \/>\n\t<meta name=\"twitter:data1\" content=\"1 minute\" \/>\n<script type=\"application\/ld+json\" class=\"yoast-schema-graph\">{\"@context\":\"https:\\\/\\\/schema.org\",\"@graph\":[{\"@type\":\"WebPage\",\"@id\":\"https:\\\/\\\/www.juandeguzman.art\\\/criticas-arte\\\/cosmogonia-materia-y-emociones-mara-estelles-contreras\\\/\",\"url\":\"https:\\\/\\\/www.juandeguzman.art\\\/criticas-arte\\\/cosmogonia-materia-y-emociones-mara-estelles-contreras\\\/\",\"name\":\"Cosmogonia de la materia y las emociones - Juan de Guzm\u00e1n\",\"isPartOf\":{\"@id\":\"https:\\\/\\\/www.juandeguzman.art\\\/#website\"},\"primaryImageOfPage\":{\"@id\":\"https:\\\/\\\/www.juandeguzman.art\\\/criticas-arte\\\/cosmogonia-materia-y-emociones-mara-estelles-contreras\\\/#primaryimage\"},\"image\":{\"@id\":\"https:\\\/\\\/www.juandeguzman.art\\\/criticas-arte\\\/cosmogonia-materia-y-emociones-mara-estelles-contreras\\\/#primaryimage\"},\"thumbnailUrl\":\"https:\\\/\\\/www.juandeguzman.art\\\/wp-content\\\/uploads\\\/Mara_Estelles_Contreras.png\",\"datePublished\":\"2023-10-25T08:31:54+00:00\",\"dateModified\":\"2024-05-27T11:17:33+00:00\",\"breadcrumb\":{\"@id\":\"https:\\\/\\\/www.juandeguzman.art\\\/criticas-arte\\\/cosmogonia-materia-y-emociones-mara-estelles-contreras\\\/#breadcrumb\"},\"inLanguage\":\"en-GB\",\"potentialAction\":[{\"@type\":\"ReadAction\",\"target\":[\"https:\\\/\\\/www.juandeguzman.art\\\/criticas-arte\\\/cosmogonia-materia-y-emociones-mara-estelles-contreras\\\/\"]}]},{\"@type\":\"ImageObject\",\"inLanguage\":\"en-GB\",\"@id\":\"https:\\\/\\\/www.juandeguzman.art\\\/criticas-arte\\\/cosmogonia-materia-y-emociones-mara-estelles-contreras\\\/#primaryimage\",\"url\":\"https:\\\/\\\/www.juandeguzman.art\\\/wp-content\\\/uploads\\\/Mara_Estelles_Contreras.png\",\"contentUrl\":\"https:\\\/\\\/www.juandeguzman.art\\\/wp-content\\\/uploads\\\/Mara_Estelles_Contreras.png\",\"width\":227,\"height\":306},{\"@type\":\"BreadcrumbList\",\"@id\":\"https:\\\/\\\/www.juandeguzman.art\\\/criticas-arte\\\/cosmogonia-materia-y-emociones-mara-estelles-contreras\\\/#breadcrumb\",\"itemListElement\":[{\"@type\":\"ListItem\",\"position\":1,\"name\":\"Home\",\"item\":\"https:\\\/\\\/www.juandeguzman.art\\\/\"},{\"@type\":\"ListItem\",\"position\":2,\"name\":\"Cr\u00edticas de arte\",\"item\":\"https:\\\/\\\/www.juandeguzman.art\\\/criticas-arte\\\/\"},{\"@type\":\"ListItem\",\"position\":3,\"name\":\"Cosmogonia de la materia y las emociones\"}]},{\"@type\":\"WebSite\",\"@id\":\"https:\\\/\\\/www.juandeguzman.art\\\/#website\",\"url\":\"https:\\\/\\\/www.juandeguzman.art\\\/\",\"name\":\"Juan Jos\u00e9 Rodriguez de Guzm\u00e1n Barba - Artista contempor\u00e1neo\",\"description\":\"Artista contempor\u00e1neo\",\"alternateName\":\"Sitio web de Artista Juan Jos\u00e9 Rodriguez De Guzm\u00e1n Barba\",\"potentialAction\":[{\"@type\":\"SearchAction\",\"target\":{\"@type\":\"EntryPoint\",\"urlTemplate\":\"https:\\\/\\\/www.juandeguzman.art\\\/?s={search_term_string}\"},\"query-input\":{\"@type\":\"PropertyValueSpecification\",\"valueRequired\":true,\"valueName\":\"search_term_string\"}}],\"inLanguage\":\"en-GB\"}]}<\/script>\n<!-- \/ Yoast SEO plugin. -->","yoast_head_json":{"title":"Cosmogonia de la materia y las emociones - Juan de Guzm\u00e1n","robots":{"index":"index","follow":"follow","max-snippet":"max-snippet:-1","max-image-preview":"max-image-preview:large","max-video-preview":"max-video-preview:-1"},"canonical":"https:\/\/www.juandeguzman.art\/en\/criticas-arte\/cosmogonia-materia-y-emociones-mara-estelles-contreras\/","og_locale":"en_GB","og_type":"article","og_title":"Cosmogonia de la materia y las emociones - Juan de Guzm\u00e1n","og_description":"- Mara Estell\u00e9s Contreras","og_url":"https:\/\/www.juandeguzman.art\/en\/criticas-arte\/cosmogonia-materia-y-emociones-mara-estelles-contreras\/","og_site_name":"Juan de Guzm\u00e1n","article_modified_time":"2024-05-27T11:17:33+00:00","og_image":[{"width":227,"height":306,"url":"https:\/\/www.juandeguzman.art\/wp-content\/uploads\/Mara_Estelles_Contreras.png","type":"image\/png"}],"twitter_card":"summary_large_image","twitter_misc":{"Estimated reading time":"1 minute"},"schema":{"@context":"https:\/\/schema.org","@graph":[{"@type":"WebPage","@id":"https:\/\/www.juandeguzman.art\/criticas-arte\/cosmogonia-materia-y-emociones-mara-estelles-contreras\/","url":"https:\/\/www.juandeguzman.art\/criticas-arte\/cosmogonia-materia-y-emociones-mara-estelles-contreras\/","name":"Cosmogonia de la materia y las emociones - Juan de Guzm\u00e1n","isPartOf":{"@id":"https:\/\/www.juandeguzman.art\/#website"},"primaryImageOfPage":{"@id":"https:\/\/www.juandeguzman.art\/criticas-arte\/cosmogonia-materia-y-emociones-mara-estelles-contreras\/#primaryimage"},"image":{"@id":"https:\/\/www.juandeguzman.art\/criticas-arte\/cosmogonia-materia-y-emociones-mara-estelles-contreras\/#primaryimage"},"thumbnailUrl":"https:\/\/www.juandeguzman.art\/wp-content\/uploads\/Mara_Estelles_Contreras.png","datePublished":"2023-10-25T08:31:54+00:00","dateModified":"2024-05-27T11:17:33+00:00","breadcrumb":{"@id":"https:\/\/www.juandeguzman.art\/criticas-arte\/cosmogonia-materia-y-emociones-mara-estelles-contreras\/#breadcrumb"},"inLanguage":"en-GB","potentialAction":[{"@type":"ReadAction","target":["https:\/\/www.juandeguzman.art\/criticas-arte\/cosmogonia-materia-y-emociones-mara-estelles-contreras\/"]}]},{"@type":"ImageObject","inLanguage":"en-GB","@id":"https:\/\/www.juandeguzman.art\/criticas-arte\/cosmogonia-materia-y-emociones-mara-estelles-contreras\/#primaryimage","url":"https:\/\/www.juandeguzman.art\/wp-content\/uploads\/Mara_Estelles_Contreras.png","contentUrl":"https:\/\/www.juandeguzman.art\/wp-content\/uploads\/Mara_Estelles_Contreras.png","width":227,"height":306},{"@type":"BreadcrumbList","@id":"https:\/\/www.juandeguzman.art\/criticas-arte\/cosmogonia-materia-y-emociones-mara-estelles-contreras\/#breadcrumb","itemListElement":[{"@type":"ListItem","position":1,"name":"Home","item":"https:\/\/www.juandeguzman.art\/"},{"@type":"ListItem","position":2,"name":"Cr\u00edticas de arte","item":"https:\/\/www.juandeguzman.art\/criticas-arte\/"},{"@type":"ListItem","position":3,"name":"Cosmogonia de la materia y las emociones"}]},{"@type":"WebSite","@id":"https:\/\/www.juandeguzman.art\/#website","url":"https:\/\/www.juandeguzman.art\/","name":"Juan Jos\u00e9 Rodriguez de Guzm\u00e1n Barba - Artista contempor\u00e1neo","description":"Contemporary artist","alternateName":"Sitio web de Artista Juan Jos\u00e9 Rodriguez De Guzm\u00e1n Barba","potentialAction":[{"@type":"SearchAction","target":{"@type":"EntryPoint","urlTemplate":"https:\/\/www.juandeguzman.art\/?s={search_term_string}"},"query-input":{"@type":"PropertyValueSpecification","valueRequired":true,"valueName":"search_term_string"}}],"inLanguage":"en-GB"}]}},"_links":{"self":[{"href":"https:\/\/www.juandeguzman.art\/en\/wp-json\/wp\/v2\/pages\/1992","targetHints":{"allow":["GET"]}}],"collection":[{"href":"https:\/\/www.juandeguzman.art\/en\/wp-json\/wp\/v2\/pages"}],"about":[{"href":"https:\/\/www.juandeguzman.art\/en\/wp-json\/wp\/v2\/types\/page"}],"author":[{"embeddable":true,"href":"https:\/\/www.juandeguzman.art\/en\/wp-json\/wp\/v2\/users\/5175"}],"replies":[{"embeddable":true,"href":"https:\/\/www.juandeguzman.art\/en\/wp-json\/wp\/v2\/comments?post=1992"}],"version-history":[{"count":18,"href":"https:\/\/www.juandeguzman.art\/en\/wp-json\/wp\/v2\/pages\/1992\/revisions"}],"predecessor-version":[{"id":4041,"href":"https:\/\/www.juandeguzman.art\/en\/wp-json\/wp\/v2\/pages\/1992\/revisions\/4041"}],"up":[{"embeddable":true,"href":"https:\/\/www.juandeguzman.art\/en\/wp-json\/wp\/v2\/pages\/1925"}],"wp:featuredmedia":[{"embeddable":true,"href":"https:\/\/www.juandeguzman.art\/en\/wp-json\/wp\/v2\/media\/4020"}],"wp:attachment":[{"href":"https:\/\/www.juandeguzman.art\/en\/wp-json\/wp\/v2\/media?parent=1992"}],"curies":[{"name":"wp","href":"https:\/\/api.w.org\/{rel}","templated":true}]}}