{"id":4425,"date":"2024-10-23T13:05:34","date_gmt":"2024-10-23T13:05:34","guid":{"rendered":"https:\/\/www.juandeguzman.art\/?page_id=4425"},"modified":"2024-10-23T13:05:34","modified_gmt":"2024-10-23T13:05:34","slug":"costos-envio","status":"publish","type":"page","link":"https:\/\/www.juandeguzman.art\/en\/costos-envio\/","title":{"rendered":"Delivery charges for the shipment of the artworks"},"content":{"rendered":"<div class=\"entry-content\">\n<h4 class=\"entry-title main_title\"><strong>For Spain<\/strong><\/h4>\n<div class=\"entry-content\">\n<ul>\n<li class=\" translation-block\"><strong> Shipping costs for the entire Spanish territory<\/strong> are <strong>free.<\/strong><\/li>\n<\/ul>\n<h4 class=\"entry-title main_title\"><strong>For Europe<\/strong><\/h4>\n<ul>\n<li class=\" translation-block\"><strong>Shipping costs within the European Community<\/strong> are <strong>free.<\/strong><\/li>\n<\/ul>\n<h4><strong>For the rest of the world<\/strong><\/h4>\n<ul>\n<li class=\" translation-block\"><strong>Shipping costs for the rest of the world<\/strong> have a fixed rate of <strong>300\u20ac<\/strong>.<\/li>\n<\/ul>\n<p>For more information, don't hesitate to <a href=\"https:\/\/www.juandeguzman.art\/en\/contacta-artista\/\">contact me<\/a>.<\/p>\n<\/div>\n<\/div>","protected":false},"excerpt":{"rendered":"<p>Para Espa\u00f1a Los gastos de env\u00edo para todo el territorio espa\u00f1ol son gratuitos. Para Europa Los gastos de env\u00edo dentro de la Comunidad Europea son gratuitos. Para el resto del mundo Los gastos de env\u00edo para el resto del mundo tienen un importe fijo de 300 \u20ac. Para m\u00e1s informaci\u00f3n, no dudes en contactarme.<\/p>","protected":false},"author":1,"featured_media":4343,"parent":0,"menu_order":0,"comment_status":"closed","ping_status":"closed","template":"","meta":{"pgc_meta":"","_et_pb_use_builder":"","_et_pb_old_content":"","_et_gb_content_width":"","footnotes":""},"pgc_meta":"","yoast_head":"<!-- This site is optimized with the Yoast SEO plugin v21.4 - https:\/\/yoast.com\/wordpress\/plugins\/seo\/ -->\n<title>Gastos de env\u00edo para la entrega de las obras - Juan Jos\u00e9 Rodriguez de Guzm\u00e1n Barba<\/title>\n<meta name=\"robots\" content=\"index, follow, max-snippet:-1, max-image-preview:large, max-video-preview:-1\" \/>\n<link rel=\"canonical\" href=\"https:\/\/www.juandeguzman.art\/en\/costos-envio\/\" \/>\n<meta property=\"og:locale\" content=\"en_GB\" \/>\n<meta property=\"og:type\" content=\"article\" \/>\n<meta property=\"og:title\" content=\"Gastos de env\u00edo para la entrega de las obras - Juan Jos\u00e9 Rodriguez de Guzm\u00e1n Barba\" \/>\n<meta property=\"og:description\" content=\"Para Espa\u00f1a Los gastos de env\u00edo para todo el territorio espa\u00f1ol son gratuitos. Para Europa Los gastos de env\u00edo dentro de la Comunidad Europea son gratuitos. Para el resto del mundo Los gastos de env\u00edo para el resto del mundo tienen un importe fijo de 300 \u20ac. Para m\u00e1s informaci\u00f3n, no dudes en contactarme.\" \/>\n<meta property=\"og:url\" content=\"https:\/\/www.juandeguzman.art\/en\/costos-envio\/\" \/>\n<meta property=\"og:site_name\" content=\"Juan Jos\u00e9 Rodriguez de Guzm\u00e1n Barba\" \/>\n<meta name=\"twitter:card\" content=\"summary_large_image\" \/>\n<meta name=\"twitter:label1\" content=\"Estimated reading time\" \/>\n\t<meta name=\"twitter:data1\" content=\"1 minute\" \/>\n<script type=\"application\/ld+json\" class=\"yoast-schema-graph\">{\"@context\":\"https:\/\/schema.org\",\"@graph\":[{\"@type\":\"WebPage\",\"@id\":\"https:\/\/www.juandeguzman.art\/costos-envio\/\",\"url\":\"https:\/\/www.juandeguzman.art\/costos-envio\/\",\"name\":\"Gastos de env\u00edo para la entrega de las obras - Juan Jos\u00e9 Rodriguez de Guzm\u00e1n Barba\",\"isPartOf\":{\"@id\":\"https:\/\/www.juandeguzman.art\/#website\"},\"datePublished\":\"2024-10-23T13:05:34+00:00\",\"dateModified\":\"2024-10-23T13:05:34+00:00\",\"breadcrumb\":{\"@id\":\"https:\/\/www.juandeguzman.art\/costos-envio\/#breadcrumb\"},\"inLanguage\":\"en-GB\",\"potentialAction\":[{\"@type\":\"ReadAction\",\"target\":[\"https:\/\/www.juandeguzman.art\/costos-envio\/\"]}]},{\"@type\":\"BreadcrumbList\",\"@id\":\"https:\/\/www.juandeguzman.art\/costos-envio\/#breadcrumb\",\"itemListElement\":[{\"@type\":\"ListItem\",\"position\":1,\"name\":\"Home\",\"item\":\"https:\/\/www.juandeguzman.art\/\"},{\"@type\":\"ListItem\",\"position\":2,\"name\":\"Gastos de env\u00edo para la entrega de las obras\"}]},{\"@type\":\"WebSite\",\"@id\":\"https:\/\/www.juandeguzman.art\/#website\",\"url\":\"https:\/\/www.juandeguzman.art\/\",\"name\":\"Juan Jos\u00e9 Rodriguez de Guzm\u00e1n Barba - Artista contempor\u00e1neo\",\"description\":\"Artista contempor\u00e1neo\",\"publisher\":{\"@id\":\"https:\/\/www.juandeguzman.art\/#\/schema\/person\/59be02336300246836b0eaecce2d17c3\"},\"alternateName\":\"Sitio web de Artista Juan Jos\u00e9 Rodriguez De Guzm\u00e1n Barba\",\"potentialAction\":[{\"@type\":\"SearchAction\",\"target\":{\"@type\":\"EntryPoint\",\"urlTemplate\":\"https:\/\/www.juandeguzman.art\/?s={search_term_string}\"},\"query-input\":\"required name=search_term_string\"}],\"inLanguage\":\"en-GB\"},{\"@type\":[\"Person\",\"Organization\"],\"@id\":\"https:\/\/www.juandeguzman.art\/#\/schema\/person\/59be02336300246836b0eaecce2d17c3\",\"name\":\"Juan Jose Rodriguez De Guzman Barba\",\"image\":{\"@type\":\"ImageObject\",\"inLanguage\":\"en-GB\",\"@id\":\"https:\/\/www.juandeguzman.art\/#\/schema\/person\/image\/\",\"url\":\"https:\/\/www.juandeguzman.art\/wp-content\/uploads\/artista_Juan_de_Guzman_logo.png\",\"contentUrl\":\"https:\/\/www.juandeguzman.art\/wp-content\/uploads\/artista_Juan_de_Guzman_logo.png\",\"width\":987,\"height\":205,\"caption\":\"Juan Jose Rodriguez De Guzman Barba\"},\"logo\":{\"@id\":\"https:\/\/www.juandeguzman.art\/#\/schema\/person\/image\/\"},\"sameAs\":[\"https:\/\/www.juandeguzman.art\",\"https:\/\/www.instagram.com\/r._de_guzman\/\",\"https:\/\/www.youtube.com\/@juanjoserodriguezdeguzmanb6146\"]}]}<\/script>\n<!-- \/ Yoast SEO plugin. -->","yoast_head_json":{"title":"Gastos de env\u00edo para la entrega de las obras - Juan Jos\u00e9 Rodriguez de Guzm\u00e1n Barba","robots":{"index":"index","follow":"follow","max-snippet":"max-snippet:-1","max-image-preview":"max-image-preview:large","max-video-preview":"max-video-preview:-1"},"canonical":"https:\/\/www.juandeguzman.art\/en\/costos-envio\/","og_locale":"en_GB","og_type":"article","og_title":"Gastos de env\u00edo para la entrega de las obras - Juan Jos\u00e9 Rodriguez de Guzm\u00e1n Barba","og_description":"Para Espa\u00f1a Los gastos de env\u00edo para todo el territorio espa\u00f1ol son gratuitos. Para Europa Los gastos de env\u00edo dentro de la Comunidad Europea son gratuitos. Para el resto del mundo Los gastos de env\u00edo para el resto del mundo tienen un importe fijo de 300 \u20ac. Para m\u00e1s informaci\u00f3n, no dudes en contactarme.","og_url":"https:\/\/www.juandeguzman.art\/en\/costos-envio\/","og_site_name":"Juan Jos\u00e9 Rodriguez de Guzm\u00e1n Barba","twitter_card":"summary_large_image","twitter_misc":{"Estimated reading time":"1 minute"},"schema":{"@context":"https:\/\/schema.org","@graph":[{"@type":"WebPage","@id":"https:\/\/www.juandeguzman.art\/costos-envio\/","url":"https:\/\/www.juandeguzman.art\/costos-envio\/","name":"Gastos de env\u00edo para la entrega de las obras - Juan Jos\u00e9 Rodriguez de Guzm\u00e1n Barba","isPartOf":{"@id":"https:\/\/www.juandeguzman.art\/#website"},"datePublished":"2024-10-23T13:05:34+00:00","dateModified":"2024-10-23T13:05:34+00:00","breadcrumb":{"@id":"https:\/\/www.juandeguzman.art\/costos-envio\/#breadcrumb"},"inLanguage":"en-GB","potentialAction":[{"@type":"ReadAction","target":["https:\/\/www.juandeguzman.art\/costos-envio\/"]}]},{"@type":"BreadcrumbList","@id":"https:\/\/www.juandeguzman.art\/costos-envio\/#breadcrumb","itemListElement":[{"@type":"ListItem","position":1,"name":"Home","item":"https:\/\/www.juandeguzman.art\/"},{"@type":"ListItem","position":2,"name":"Gastos de env\u00edo para la entrega de las obras"}]},{"@type":"WebSite","@id":"https:\/\/www.juandeguzman.art\/#website","url":"https:\/\/www.juandeguzman.art\/","name":"Juan Jos\u00e9 Rodriguez de Guzm\u00e1n Barba - Artista contempor\u00e1neo","description":"Artista contempor\u00e1neo","publisher":{"@id":"https:\/\/www.juandeguzman.art\/#\/schema\/person\/59be02336300246836b0eaecce2d17c3"},"alternateName":"Sitio web de Artista Juan Jos\u00e9 Rodriguez De Guzm\u00e1n Barba","potentialAction":[{"@type":"SearchAction","target":{"@type":"EntryPoint","urlTemplate":"https:\/\/www.juandeguzman.art\/?s={search_term_string}"},"query-input":"required name=search_term_string"}],"inLanguage":"en-GB"},{"@type":["Person","Organization"],"@id":"https:\/\/www.juandeguzman.art\/#\/schema\/person\/59be02336300246836b0eaecce2d17c3","name":"Juan Jose Rodriguez De Guzman Barba","image":{"@type":"ImageObject","inLanguage":"en-GB","@id":"https:\/\/www.juandeguzman.art\/#\/schema\/person\/image\/","url":"https:\/\/www.juandeguzman.art\/wp-content\/uploads\/artista_Juan_de_Guzman_logo.png","contentUrl":"https:\/\/www.juandeguzman.art\/wp-content\/uploads\/artista_Juan_de_Guzman_logo.png","width":987,"height":205,"caption":"Juan Jose Rodriguez De Guzman Barba"},"logo":{"@id":"https:\/\/www.juandeguzman.art\/#\/schema\/person\/image\/"},"sameAs":["https:\/\/www.juandeguzman.art","https:\/\/www.instagram.com\/r._de_guzman\/","https:\/\/www.youtube.com\/@juanjoserodriguezdeguzmanb6146"]}]}},"_links":{"self":[{"href":"https:\/\/www.juandeguzman.art\/en\/wp-json\/wp\/v2\/pages\/4425"}],"collection":[{"href":"https:\/\/www.juandeguzman.art\/en\/wp-json\/wp\/v2\/pages"}],"about":[{"href":"https:\/\/www.juandeguzman.art\/en\/wp-json\/wp\/v2\/types\/page"}],"author":[{"embeddable":true,"href":"https:\/\/www.juandeguzman.art\/en\/wp-json\/wp\/v2\/users\/1"}],"replies":[{"embeddable":true,"href":"https:\/\/www.juandeguzman.art\/en\/wp-json\/wp\/v2\/comments?post=4425"}],"version-history":[{"count":2,"href":"https:\/\/www.juandeguzman.art\/en\/wp-json\/wp\/v2\/pages\/4425\/revisions"}],"predecessor-version":[{"id":4427,"href":"https:\/\/www.juandeguzman.art\/en\/wp-json\/wp\/v2\/pages\/4425\/revisions\/4427"}],"wp:featuredmedia":[{"embeddable":true,"href":"https:\/\/www.juandeguzman.art\/en\/wp-json\/wp\/v2\/media\/4343"}],"wp:attachment":[{"href":"https:\/\/www.juandeguzman.art\/en\/wp-json\/wp\/v2\/media?parent=4425"}],"curies":[{"name":"wp","href":"https:\/\/api.w.org\/{rel}","templated":true}]}}