{"id":3833,"date":"2024-05-22T13:56:25","date_gmt":"2024-05-22T13:56:25","guid":{"rendered":"https:\/\/www.juandeguzman.art\/?post_type=product&#038;p=3833"},"modified":"2024-10-22T16:24:12","modified_gmt":"2024-10-22T16:24:12","slug":"desgarro-1","status":"publish","type":"product","link":"https:\/\/www.juandeguzman.art\/en\/compra-cuadro\/desgarro-1\/","title":{"rendered":"Heartbreak I"},"content":{"rendered":"","protected":false},"excerpt":{"rendered":"","protected":false},"featured_media":3656,"template":"","meta":{"_et_pb_use_builder":"","_et_pb_old_content":"","_et_gb_content_width":""},"product_brand":[],"product_cat":[56],"product_tag":[52,71,74,72],"class_list":{"0":"post-3833","1":"product","2":"type-product","3":"status-publish","4":"has-post-thumbnail","6":"product_cat-emociones","7":"product_tag-acrilico","8":"product_tag-cuadro-moderno","9":"product_tag-madera","10":"product_tag-marco-moderno","11":"product_shipping_class-spedizione-ordinaria","13":"first","14":"instock","15":"sold-individually","16":"taxable","17":"shipping-taxable","18":"purchasable","19":"product-type-simple"},"yoast_head":"<!-- This site is optimized with the Yoast SEO plugin v27.4 - https:\/\/yoast.com\/product\/yoast-seo-wordpress\/ -->\n<title>Desgarro I - Juan de Guzm\u00e1n<\/title>\n<meta name=\"robots\" content=\"index, follow, max-snippet:-1, max-image-preview:large, max-video-preview:-1\" \/>\n<link rel=\"canonical\" href=\"https:\/\/www.juandeguzman.art\/en\/compra-cuadro\/desgarro-1\/\" \/>\n<meta property=\"og:locale\" content=\"en_GB\" \/>\n<meta property=\"og:type\" content=\"article\" \/>\n<meta property=\"og:title\" content=\"Desgarro I - Juan de Guzm\u00e1n\" \/>\n<meta property=\"og:url\" content=\"https:\/\/www.juandeguzman.art\/en\/compra-cuadro\/desgarro-1\/\" \/>\n<meta property=\"og:site_name\" content=\"Juan de Guzm\u00e1n\" \/>\n<meta property=\"article:modified_time\" content=\"2024-10-22T16:24:12+00:00\" \/>\n<meta property=\"og:image\" content=\"https:\/\/www.juandeguzman.art\/wp-content\/uploads\/DESGARRO-I.jpg\" \/>\n\t<meta property=\"og:image:width\" content=\"1200\" \/>\n\t<meta property=\"og:image:height\" content=\"1182\" \/>\n\t<meta property=\"og:image:type\" content=\"image\/jpeg\" \/>\n<meta name=\"twitter:card\" content=\"summary_large_image\" \/>\n<script type=\"application\/ld+json\" class=\"yoast-schema-graph\">{\"@context\":\"https:\\\/\\\/schema.org\",\"@graph\":[{\"@type\":\"WebPage\",\"@id\":\"https:\\\/\\\/www.juandeguzman.art\\\/compra-cuadro\\\/desgarro-1\\\/\",\"url\":\"https:\\\/\\\/www.juandeguzman.art\\\/compra-cuadro\\\/desgarro-1\\\/\",\"name\":\"Desgarro I - Juan de Guzm\u00e1n\",\"isPartOf\":{\"@id\":\"https:\\\/\\\/www.juandeguzman.art\\\/#website\"},\"primaryImageOfPage\":{\"@id\":\"https:\\\/\\\/www.juandeguzman.art\\\/compra-cuadro\\\/desgarro-1\\\/#primaryimage\"},\"image\":{\"@id\":\"https:\\\/\\\/www.juandeguzman.art\\\/compra-cuadro\\\/desgarro-1\\\/#primaryimage\"},\"thumbnailUrl\":\"https:\\\/\\\/www.juandeguzman.art\\\/wp-content\\\/uploads\\\/DESGARRO-I.jpg\",\"datePublished\":\"2024-05-22T13:56:25+00:00\",\"dateModified\":\"2024-10-22T16:24:12+00:00\",\"breadcrumb\":{\"@id\":\"https:\\\/\\\/www.juandeguzman.art\\\/compra-cuadro\\\/desgarro-1\\\/#breadcrumb\"},\"inLanguage\":\"en-GB\",\"potentialAction\":[{\"@type\":\"ReadAction\",\"target\":[\"https:\\\/\\\/www.juandeguzman.art\\\/compra-cuadro\\\/desgarro-1\\\/\"]}]},{\"@type\":\"ImageObject\",\"inLanguage\":\"en-GB\",\"@id\":\"https:\\\/\\\/www.juandeguzman.art\\\/compra-cuadro\\\/desgarro-1\\\/#primaryimage\",\"url\":\"https:\\\/\\\/www.juandeguzman.art\\\/wp-content\\\/uploads\\\/DESGARRO-I.jpg\",\"contentUrl\":\"https:\\\/\\\/www.juandeguzman.art\\\/wp-content\\\/uploads\\\/DESGARRO-I.jpg\",\"width\":1200,\"height\":1182,\"caption\":\"Compra online la obra titulada \\\"Desgarro I\\\", realizada por el artista contempor\u00e1neo Juan Jos\u00e9 Rodriguez De Guzm\u00e1n Barba\"},{\"@type\":\"BreadcrumbList\",\"@id\":\"https:\\\/\\\/www.juandeguzman.art\\\/compra-cuadro\\\/desgarro-1\\\/#breadcrumb\",\"itemListElement\":[{\"@type\":\"ListItem\",\"position\":1,\"name\":\"Home\",\"item\":\"https:\\\/\\\/www.juandeguzman.art\\\/\"},{\"@type\":\"ListItem\",\"position\":2,\"name\":\"Obras\",\"item\":\"https:\\\/\\\/www.juandeguzman.art\\\/venta-online-de-pinturas\\\/\"},{\"@type\":\"ListItem\",\"position\":3,\"name\":\"Emociones\",\"item\":\"https:\\\/\\\/www.juandeguzman.art\\\/venta-online-de-pinturas\\\/emociones\\\/\"},{\"@type\":\"ListItem\",\"position\":4,\"name\":\"Desgarro I\"}]},{\"@type\":\"WebSite\",\"@id\":\"https:\\\/\\\/www.juandeguzman.art\\\/#website\",\"url\":\"https:\\\/\\\/www.juandeguzman.art\\\/\",\"name\":\"Juan Jos\u00e9 Rodriguez de Guzm\u00e1n Barba - Artista contempor\u00e1neo\",\"description\":\"Artista contempor\u00e1neo\",\"alternateName\":\"Sitio web de Artista Juan Jos\u00e9 Rodriguez De Guzm\u00e1n Barba\",\"potentialAction\":[{\"@type\":\"SearchAction\",\"target\":{\"@type\":\"EntryPoint\",\"urlTemplate\":\"https:\\\/\\\/www.juandeguzman.art\\\/?s={search_term_string}\"},\"query-input\":{\"@type\":\"PropertyValueSpecification\",\"valueRequired\":true,\"valueName\":\"search_term_string\"}}],\"inLanguage\":\"en-GB\"}]}<\/script>\n<!-- \/ Yoast SEO plugin. -->","yoast_head_json":{"title":"Desgarro I - Juan de Guzm\u00e1n","robots":{"index":"index","follow":"follow","max-snippet":"max-snippet:-1","max-image-preview":"max-image-preview:large","max-video-preview":"max-video-preview:-1"},"canonical":"https:\/\/www.juandeguzman.art\/en\/compra-cuadro\/desgarro-1\/","og_locale":"en_GB","og_type":"article","og_title":"Desgarro I - Juan de Guzm\u00e1n","og_url":"https:\/\/www.juandeguzman.art\/en\/compra-cuadro\/desgarro-1\/","og_site_name":"Juan de Guzm\u00e1n","article_modified_time":"2024-10-22T16:24:12+00:00","og_image":[{"width":1200,"height":1182,"url":"https:\/\/www.juandeguzman.art\/wp-content\/uploads\/DESGARRO-I.jpg","type":"image\/jpeg"}],"twitter_card":"summary_large_image","schema":{"@context":"https:\/\/schema.org","@graph":[{"@type":"WebPage","@id":"https:\/\/www.juandeguzman.art\/compra-cuadro\/desgarro-1\/","url":"https:\/\/www.juandeguzman.art\/compra-cuadro\/desgarro-1\/","name":"Desgarro I - Juan de Guzm\u00e1n","isPartOf":{"@id":"https:\/\/www.juandeguzman.art\/#website"},"primaryImageOfPage":{"@id":"https:\/\/www.juandeguzman.art\/compra-cuadro\/desgarro-1\/#primaryimage"},"image":{"@id":"https:\/\/www.juandeguzman.art\/compra-cuadro\/desgarro-1\/#primaryimage"},"thumbnailUrl":"https:\/\/www.juandeguzman.art\/wp-content\/uploads\/DESGARRO-I.jpg","datePublished":"2024-05-22T13:56:25+00:00","dateModified":"2024-10-22T16:24:12+00:00","breadcrumb":{"@id":"https:\/\/www.juandeguzman.art\/compra-cuadro\/desgarro-1\/#breadcrumb"},"inLanguage":"en-GB","potentialAction":[{"@type":"ReadAction","target":["https:\/\/www.juandeguzman.art\/compra-cuadro\/desgarro-1\/"]}]},{"@type":"ImageObject","inLanguage":"en-GB","@id":"https:\/\/www.juandeguzman.art\/compra-cuadro\/desgarro-1\/#primaryimage","url":"https:\/\/www.juandeguzman.art\/wp-content\/uploads\/DESGARRO-I.jpg","contentUrl":"https:\/\/www.juandeguzman.art\/wp-content\/uploads\/DESGARRO-I.jpg","width":1200,"height":1182,"caption":"Compra online la obra titulada \"Desgarro I\", realizada por el artista contempor\u00e1neo Juan Jos\u00e9 Rodriguez De Guzm\u00e1n Barba"},{"@type":"BreadcrumbList","@id":"https:\/\/www.juandeguzman.art\/compra-cuadro\/desgarro-1\/#breadcrumb","itemListElement":[{"@type":"ListItem","position":1,"name":"Home","item":"https:\/\/www.juandeguzman.art\/"},{"@type":"ListItem","position":2,"name":"Obras","item":"https:\/\/www.juandeguzman.art\/venta-online-de-pinturas\/"},{"@type":"ListItem","position":3,"name":"Emociones","item":"https:\/\/www.juandeguzman.art\/venta-online-de-pinturas\/emociones\/"},{"@type":"ListItem","position":4,"name":"Desgarro I"}]},{"@type":"WebSite","@id":"https:\/\/www.juandeguzman.art\/#website","url":"https:\/\/www.juandeguzman.art\/","name":"Juan Jos\u00e9 Rodriguez de Guzm\u00e1n Barba - Artista contempor\u00e1neo","description":"Contemporary artist","alternateName":"Sitio web de Artista Juan Jos\u00e9 Rodriguez De Guzm\u00e1n Barba","potentialAction":[{"@type":"SearchAction","target":{"@type":"EntryPoint","urlTemplate":"https:\/\/www.juandeguzman.art\/?s={search_term_string}"},"query-input":{"@type":"PropertyValueSpecification","valueRequired":true,"valueName":"search_term_string"}}],"inLanguage":"en-GB"}]}},"_links":{"self":[{"href":"https:\/\/www.juandeguzman.art\/en\/wp-json\/wp\/v2\/product\/3833","targetHints":{"allow":["GET"]}}],"collection":[{"href":"https:\/\/www.juandeguzman.art\/en\/wp-json\/wp\/v2\/product"}],"about":[{"href":"https:\/\/www.juandeguzman.art\/en\/wp-json\/wp\/v2\/types\/product"}],"wp:featuredmedia":[{"embeddable":true,"href":"https:\/\/www.juandeguzman.art\/en\/wp-json\/wp\/v2\/media\/3656"}],"wp:attachment":[{"href":"https:\/\/www.juandeguzman.art\/en\/wp-json\/wp\/v2\/media?parent=3833"}],"wp:term":[{"taxonomy":"product_brand","embeddable":true,"href":"https:\/\/www.juandeguzman.art\/en\/wp-json\/wp\/v2\/product_brand?post=3833"},{"taxonomy":"product_cat","embeddable":true,"href":"https:\/\/www.juandeguzman.art\/en\/wp-json\/wp\/v2\/product_cat?post=3833"},{"taxonomy":"product_tag","embeddable":true,"href":"https:\/\/www.juandeguzman.art\/en\/wp-json\/wp\/v2\/product_tag?post=3833"}],"curies":[{"name":"wp","href":"https:\/\/api.w.org\/{rel}","templated":true}]}}