{"id":3881,"date":"2024-05-24T08:22:15","date_gmt":"2024-05-24T08:22:15","guid":{"rendered":"https:\/\/www.juandeguzman.art\/?post_type=product&#038;p=3881"},"modified":"2024-10-22T16:23:35","modified_gmt":"2024-10-22T16:23:35","slug":"golpe-de-mar","status":"publish","type":"product","link":"https:\/\/www.juandeguzman.art\/en\/compra-cuadro\/golpe-de-mar\/","title":{"rendered":"Sea golpe"},"content":{"rendered":"<p>It represents the waves and the foam, in an impetuous rush of the sea<\/p>","protected":false},"excerpt":{"rendered":"<p>It represents the waves and the foam, in an impetuous rush of the sea<\/p>","protected":false},"featured_media":3663,"template":"","meta":{"_et_pb_use_builder":"","_et_pb_old_content":"","_et_gb_content_width":""},"product_brand":[],"product_cat":[24],"product_tag":[52,71,74,72],"class_list":{"0":"post-3881","1":"product","2":"type-product","3":"status-publish","4":"has-post-thumbnail","6":"product_cat-marino","7":"product_tag-acrilico","8":"product_tag-cuadro-moderno","9":"product_tag-madera","10":"product_tag-marco-moderno","11":"product_shipping_class-spedizione-ordinaria","13":"first","14":"instock","15":"sold-individually","16":"taxable","17":"shipping-taxable","18":"purchasable","19":"product-type-simple"},"yoast_head":"<!-- This site is optimized with the Yoast SEO plugin v27.4 - https:\/\/yoast.com\/product\/yoast-seo-wordpress\/ -->\n<title>Golpe de mar - Juan Jos\u00e9 Rodriguez de Guzm\u00e1n Barba<\/title>\n<meta name=\"robots\" content=\"index, follow, max-snippet:-1, max-image-preview:large, max-video-preview:-1\" \/>\n<link rel=\"canonical\" href=\"https:\/\/www.juandeguzman.art\/en\/compra-cuadro\/golpe-de-mar\/\" \/>\n<meta property=\"og:locale\" content=\"en_GB\" \/>\n<meta property=\"og:type\" content=\"article\" \/>\n<meta property=\"og:title\" content=\"Golpe de mar - Juan Jos\u00e9 Rodriguez de Guzm\u00e1n Barba\" \/>\n<meta property=\"og:description\" content=\"Representa las olas y la espuma,en un golpe de mar embravecido\" \/>\n<meta property=\"og:url\" content=\"https:\/\/www.juandeguzman.art\/en\/compra-cuadro\/golpe-de-mar\/\" \/>\n<meta property=\"og:site_name\" content=\"Juan Jos\u00e9 Rodriguez de Guzm\u00e1n Barba\" \/>\n<meta property=\"article:modified_time\" content=\"2024-10-22T16:23:35+00:00\" \/>\n<meta property=\"og:image\" content=\"https:\/\/www.juandeguzman.art\/wp-content\/uploads\/GOLPE-DE-MAR.jpg\" \/>\n\t<meta property=\"og:image:width\" content=\"1200\" \/>\n\t<meta property=\"og:image:height\" content=\"1241\" \/>\n\t<meta property=\"og:image:type\" content=\"image\/jpeg\" \/>\n<meta name=\"twitter:card\" content=\"summary_large_image\" \/>\n<script type=\"application\/ld+json\" class=\"yoast-schema-graph\">{\"@context\":\"https:\\\/\\\/schema.org\",\"@graph\":[{\"@type\":\"WebPage\",\"@id\":\"https:\\\/\\\/www.juandeguzman.art\\\/compra-cuadro\\\/golpe-de-mar\\\/\",\"url\":\"https:\\\/\\\/www.juandeguzman.art\\\/compra-cuadro\\\/golpe-de-mar\\\/\",\"name\":\"Golpe de mar - Juan Jos\u00e9 Rodriguez de Guzm\u00e1n Barba\",\"isPartOf\":{\"@id\":\"https:\\\/\\\/www.juandeguzman.art\\\/#website\"},\"primaryImageOfPage\":{\"@id\":\"https:\\\/\\\/www.juandeguzman.art\\\/compra-cuadro\\\/golpe-de-mar\\\/#primaryimage\"},\"image\":{\"@id\":\"https:\\\/\\\/www.juandeguzman.art\\\/compra-cuadro\\\/golpe-de-mar\\\/#primaryimage\"},\"thumbnailUrl\":\"https:\\\/\\\/www.juandeguzman.art\\\/wp-content\\\/uploads\\\/GOLPE-DE-MAR.jpg\",\"datePublished\":\"2024-05-24T08:22:15+00:00\",\"dateModified\":\"2024-10-22T16:23:35+00:00\",\"breadcrumb\":{\"@id\":\"https:\\\/\\\/www.juandeguzman.art\\\/compra-cuadro\\\/golpe-de-mar\\\/#breadcrumb\"},\"inLanguage\":\"en-GB\",\"potentialAction\":[{\"@type\":\"ReadAction\",\"target\":[\"https:\\\/\\\/www.juandeguzman.art\\\/compra-cuadro\\\/golpe-de-mar\\\/\"]}]},{\"@type\":\"ImageObject\",\"inLanguage\":\"en-GB\",\"@id\":\"https:\\\/\\\/www.juandeguzman.art\\\/compra-cuadro\\\/golpe-de-mar\\\/#primaryimage\",\"url\":\"https:\\\/\\\/www.juandeguzman.art\\\/wp-content\\\/uploads\\\/GOLPE-DE-MAR.jpg\",\"contentUrl\":\"https:\\\/\\\/www.juandeguzman.art\\\/wp-content\\\/uploads\\\/GOLPE-DE-MAR.jpg\",\"width\":1200,\"height\":1241,\"caption\":\"Compra online la obra titulada \\\"Golpe de mar\\\", realizada por el artista contempor\u00e1neo Juan Jos\u00e9 Rodriguez De Guzm\u00e1n Barba\"},{\"@type\":\"BreadcrumbList\",\"@id\":\"https:\\\/\\\/www.juandeguzman.art\\\/compra-cuadro\\\/golpe-de-mar\\\/#breadcrumb\",\"itemListElement\":[{\"@type\":\"ListItem\",\"position\":1,\"name\":\"Home\",\"item\":\"https:\\\/\\\/www.juandeguzman.art\\\/\"},{\"@type\":\"ListItem\",\"position\":2,\"name\":\"Obras\",\"item\":\"https:\\\/\\\/www.juandeguzman.art\\\/venta-online-de-pinturas\\\/\"},{\"@type\":\"ListItem\",\"position\":3,\"name\":\"Marino\",\"item\":\"https:\\\/\\\/www.juandeguzman.art\\\/venta-online-de-pinturas\\\/marino\\\/\"},{\"@type\":\"ListItem\",\"position\":4,\"name\":\"Golpe de mar\"}]},{\"@type\":\"WebSite\",\"@id\":\"https:\\\/\\\/www.juandeguzman.art\\\/#website\",\"url\":\"https:\\\/\\\/www.juandeguzman.art\\\/\",\"name\":\"Juan Jos\u00e9 Rodriguez de Guzm\u00e1n Barba - Artista contempor\u00e1neo\",\"description\":\"Artista contempor\u00e1neo\",\"publisher\":{\"@id\":\"https:\\\/\\\/www.juandeguzman.art\\\/#\\\/schema\\\/person\\\/59be02336300246836b0eaecce2d17c3\"},\"alternateName\":\"Sitio web de Artista Juan Jos\u00e9 Rodriguez De Guzm\u00e1n Barba\",\"potentialAction\":[{\"@type\":\"SearchAction\",\"target\":{\"@type\":\"EntryPoint\",\"urlTemplate\":\"https:\\\/\\\/www.juandeguzman.art\\\/?s={search_term_string}\"},\"query-input\":{\"@type\":\"PropertyValueSpecification\",\"valueRequired\":true,\"valueName\":\"search_term_string\"}}],\"inLanguage\":\"en-GB\"},{\"@type\":[\"Person\",\"Organization\"],\"@id\":\"https:\\\/\\\/www.juandeguzman.art\\\/#\\\/schema\\\/person\\\/59be02336300246836b0eaecce2d17c3\",\"name\":\"Juan Jose Rodriguez De Guzman Barba\",\"image\":{\"@type\":\"ImageObject\",\"inLanguage\":\"en-GB\",\"@id\":\"https:\\\/\\\/www.juandeguzman.art\\\/wp-content\\\/uploads\\\/artista_Juan_de_Guzman_logo.png\",\"url\":\"https:\\\/\\\/www.juandeguzman.art\\\/wp-content\\\/uploads\\\/artista_Juan_de_Guzman_logo.png\",\"contentUrl\":\"https:\\\/\\\/www.juandeguzman.art\\\/wp-content\\\/uploads\\\/artista_Juan_de_Guzman_logo.png\",\"width\":987,\"height\":205,\"caption\":\"Juan Jose Rodriguez De Guzman Barba\"},\"logo\":{\"@id\":\"https:\\\/\\\/www.juandeguzman.art\\\/wp-content\\\/uploads\\\/artista_Juan_de_Guzman_logo.png\"},\"sameAs\":[\"https:\\\/\\\/www.juandeguzman.art\",\"https:\\\/\\\/www.instagram.com\\\/r._de_guzman\\\/\",\"https:\\\/\\\/www.youtube.com\\\/@juanjoserodriguezdeguzmanb6146\"]}]}<\/script>\n<!-- \/ Yoast SEO plugin. -->","yoast_head_json":{"title":"Golpe de mar - Juan Jos\u00e9 Rodriguez de Guzm\u00e1n Barba","robots":{"index":"index","follow":"follow","max-snippet":"max-snippet:-1","max-image-preview":"max-image-preview:large","max-video-preview":"max-video-preview:-1"},"canonical":"https:\/\/www.juandeguzman.art\/en\/compra-cuadro\/golpe-de-mar\/","og_locale":"en_GB","og_type":"article","og_title":"Golpe de mar - Juan Jos\u00e9 Rodriguez de Guzm\u00e1n Barba","og_description":"Representa las olas y la espuma,en un golpe de mar embravecido","og_url":"https:\/\/www.juandeguzman.art\/en\/compra-cuadro\/golpe-de-mar\/","og_site_name":"Juan Jos\u00e9 Rodriguez de Guzm\u00e1n Barba","article_modified_time":"2024-10-22T16:23:35+00:00","og_image":[{"width":1200,"height":1241,"url":"https:\/\/www.juandeguzman.art\/wp-content\/uploads\/GOLPE-DE-MAR.jpg","type":"image\/jpeg"}],"twitter_card":"summary_large_image","schema":{"@context":"https:\/\/schema.org","@graph":[{"@type":"WebPage","@id":"https:\/\/www.juandeguzman.art\/compra-cuadro\/golpe-de-mar\/","url":"https:\/\/www.juandeguzman.art\/compra-cuadro\/golpe-de-mar\/","name":"Golpe de mar - Juan Jos\u00e9 Rodriguez de Guzm\u00e1n Barba","isPartOf":{"@id":"https:\/\/www.juandeguzman.art\/#website"},"primaryImageOfPage":{"@id":"https:\/\/www.juandeguzman.art\/compra-cuadro\/golpe-de-mar\/#primaryimage"},"image":{"@id":"https:\/\/www.juandeguzman.art\/compra-cuadro\/golpe-de-mar\/#primaryimage"},"thumbnailUrl":"https:\/\/www.juandeguzman.art\/wp-content\/uploads\/GOLPE-DE-MAR.jpg","datePublished":"2024-05-24T08:22:15+00:00","dateModified":"2024-10-22T16:23:35+00:00","breadcrumb":{"@id":"https:\/\/www.juandeguzman.art\/compra-cuadro\/golpe-de-mar\/#breadcrumb"},"inLanguage":"en-GB","potentialAction":[{"@type":"ReadAction","target":["https:\/\/www.juandeguzman.art\/compra-cuadro\/golpe-de-mar\/"]}]},{"@type":"ImageObject","inLanguage":"en-GB","@id":"https:\/\/www.juandeguzman.art\/compra-cuadro\/golpe-de-mar\/#primaryimage","url":"https:\/\/www.juandeguzman.art\/wp-content\/uploads\/GOLPE-DE-MAR.jpg","contentUrl":"https:\/\/www.juandeguzman.art\/wp-content\/uploads\/GOLPE-DE-MAR.jpg","width":1200,"height":1241,"caption":"Compra online la obra titulada \"Golpe de mar\", realizada por el artista contempor\u00e1neo Juan Jos\u00e9 Rodriguez De Guzm\u00e1n Barba"},{"@type":"BreadcrumbList","@id":"https:\/\/www.juandeguzman.art\/compra-cuadro\/golpe-de-mar\/#breadcrumb","itemListElement":[{"@type":"ListItem","position":1,"name":"Home","item":"https:\/\/www.juandeguzman.art\/"},{"@type":"ListItem","position":2,"name":"Obras","item":"https:\/\/www.juandeguzman.art\/venta-online-de-pinturas\/"},{"@type":"ListItem","position":3,"name":"Marino","item":"https:\/\/www.juandeguzman.art\/venta-online-de-pinturas\/marino\/"},{"@type":"ListItem","position":4,"name":"Golpe de mar"}]},{"@type":"WebSite","@id":"https:\/\/www.juandeguzman.art\/#website","url":"https:\/\/www.juandeguzman.art\/","name":"Juan Jos\u00e9 Rodriguez de Guzm\u00e1n Barba - Artista contempor\u00e1neo","description":"Contemporary artist","publisher":{"@id":"https:\/\/www.juandeguzman.art\/#\/schema\/person\/59be02336300246836b0eaecce2d17c3"},"alternateName":"Sitio web de Artista Juan Jos\u00e9 Rodriguez De Guzm\u00e1n Barba","potentialAction":[{"@type":"SearchAction","target":{"@type":"EntryPoint","urlTemplate":"https:\/\/www.juandeguzman.art\/?s={search_term_string}"},"query-input":{"@type":"PropertyValueSpecification","valueRequired":true,"valueName":"search_term_string"}}],"inLanguage":"en-GB"},{"@type":["Person","Organization"],"@id":"https:\/\/www.juandeguzman.art\/#\/schema\/person\/59be02336300246836b0eaecce2d17c3","name":"Juan Jose Rodriguez De Guzman Barba","image":{"@type":"ImageObject","inLanguage":"en-GB","@id":"https:\/\/www.juandeguzman.art\/wp-content\/uploads\/artista_Juan_de_Guzman_logo.png","url":"https:\/\/www.juandeguzman.art\/wp-content\/uploads\/artista_Juan_de_Guzman_logo.png","contentUrl":"https:\/\/www.juandeguzman.art\/wp-content\/uploads\/artista_Juan_de_Guzman_logo.png","width":987,"height":205,"caption":"Juan Jose Rodriguez De Guzman Barba"},"logo":{"@id":"https:\/\/www.juandeguzman.art\/wp-content\/uploads\/artista_Juan_de_Guzman_logo.png"},"sameAs":["https:\/\/www.juandeguzman.art","https:\/\/www.instagram.com\/r._de_guzman\/","https:\/\/www.youtube.com\/@juanjoserodriguezdeguzmanb6146"]}]}},"_links":{"self":[{"href":"https:\/\/www.juandeguzman.art\/en\/wp-json\/wp\/v2\/product\/3881","targetHints":{"allow":["GET"]}}],"collection":[{"href":"https:\/\/www.juandeguzman.art\/en\/wp-json\/wp\/v2\/product"}],"about":[{"href":"https:\/\/www.juandeguzman.art\/en\/wp-json\/wp\/v2\/types\/product"}],"wp:featuredmedia":[{"embeddable":true,"href":"https:\/\/www.juandeguzman.art\/en\/wp-json\/wp\/v2\/media\/3663"}],"wp:attachment":[{"href":"https:\/\/www.juandeguzman.art\/en\/wp-json\/wp\/v2\/media?parent=3881"}],"wp:term":[{"taxonomy":"product_brand","embeddable":true,"href":"https:\/\/www.juandeguzman.art\/en\/wp-json\/wp\/v2\/product_brand?post=3881"},{"taxonomy":"product_cat","embeddable":true,"href":"https:\/\/www.juandeguzman.art\/en\/wp-json\/wp\/v2\/product_cat?post=3881"},{"taxonomy":"product_tag","embeddable":true,"href":"https:\/\/www.juandeguzman.art\/en\/wp-json\/wp\/v2\/product_tag?post=3881"}],"curies":[{"name":"wp","href":"https:\/\/api.w.org\/{rel}","templated":true}]}}