{"id":3892,"date":"2024-05-24T09:26:20","date_gmt":"2024-05-24T09:26:20","guid":{"rendered":"https:\/\/www.juandeguzman.art\/?post_type=product&#038;p=3892"},"modified":"2024-10-22T16:23:29","modified_gmt":"2024-10-22T16:23:29","slug":"campo-barbecho","status":"publish","type":"product","link":"https:\/\/www.juandeguzman.art\/en\/compra-cuadro\/campo-barbecho\/","title":{"rendered":"Fallow field"},"content":{"rendered":"<p>Represents a fallow field at rest, on a sunny day and waiting for a new harvest<\/p>","protected":false},"excerpt":{"rendered":"<p>Represents a fallow field at rest, on a sunny day and waiting for a new harvest<\/p>","protected":false},"featured_media":3653,"template":"","meta":{"pgc_meta":"","_et_pb_use_builder":"","_et_pb_old_content":"","_et_gb_content_width":""},"product_cat":[70],"product_tag":[52,71,74,72],"yoast_head":"<!-- This site is optimized with the Yoast SEO plugin v21.4 - https:\/\/yoast.com\/wordpress\/plugins\/seo\/ -->\n<title>Campo de barbecho - Juan Jos\u00e9 Rodriguez de Guzm\u00e1n Barba<\/title>\n<meta name=\"robots\" content=\"index, follow, max-snippet:-1, max-image-preview:large, max-video-preview:-1\" \/>\n<link rel=\"canonical\" href=\"https:\/\/www.juandeguzman.art\/en\/compra-cuadro\/campo-barbecho\/\" \/>\n<meta property=\"og:locale\" content=\"en_GB\" \/>\n<meta property=\"og:type\" content=\"article\" \/>\n<meta property=\"og:title\" content=\"Campo de barbecho - Juan Jos\u00e9 Rodriguez de Guzm\u00e1n Barba\" \/>\n<meta property=\"og:description\" content=\"Representa un campo de barbecho en reposo, en un d\u00eda soleado y esperando una nueva cosecha\" \/>\n<meta property=\"og:url\" content=\"https:\/\/www.juandeguzman.art\/en\/compra-cuadro\/campo-barbecho\/\" \/>\n<meta property=\"og:site_name\" content=\"Juan Jos\u00e9 Rodriguez de Guzm\u00e1n Barba\" \/>\n<meta property=\"article:modified_time\" content=\"2024-10-22T16:23:29+00:00\" \/>\n<meta property=\"og:image\" content=\"https:\/\/www.juandeguzman.art\/wp-content\/uploads\/CAMPO-DE-BARBECHO.jpg\" \/>\n\t<meta property=\"og:image:width\" content=\"1200\" \/>\n\t<meta property=\"og:image:height\" content=\"1092\" \/>\n\t<meta property=\"og:image:type\" content=\"image\/jpeg\" \/>\n<meta name=\"twitter:card\" content=\"summary_large_image\" \/>\n<meta name=\"twitter:label1\" content=\"Estimated reading time\" \/>\n\t<meta name=\"twitter:data1\" content=\"1 minute\" \/>\n<script type=\"application\/ld+json\" class=\"yoast-schema-graph\">{\"@context\":\"https:\/\/schema.org\",\"@graph\":[{\"@type\":\"WebPage\",\"@id\":\"https:\/\/www.juandeguzman.art\/compra-cuadro\/campo-barbecho\/\",\"url\":\"https:\/\/www.juandeguzman.art\/compra-cuadro\/campo-barbecho\/\",\"name\":\"Campo de barbecho - Juan Jos\u00e9 Rodriguez de Guzm\u00e1n Barba\",\"isPartOf\":{\"@id\":\"https:\/\/www.juandeguzman.art\/#website\"},\"datePublished\":\"2024-05-24T09:26:20+00:00\",\"dateModified\":\"2024-10-22T16:23:29+00:00\",\"breadcrumb\":{\"@id\":\"https:\/\/www.juandeguzman.art\/compra-cuadro\/campo-barbecho\/#breadcrumb\"},\"inLanguage\":\"en-GB\",\"potentialAction\":[{\"@type\":\"ReadAction\",\"target\":[\"https:\/\/www.juandeguzman.art\/compra-cuadro\/campo-barbecho\/\"]}]},{\"@type\":\"BreadcrumbList\",\"@id\":\"https:\/\/www.juandeguzman.art\/compra-cuadro\/campo-barbecho\/#breadcrumb\",\"itemListElement\":[{\"@type\":\"ListItem\",\"position\":1,\"name\":\"Home\",\"item\":\"https:\/\/www.juandeguzman.art\/\"},{\"@type\":\"ListItem\",\"position\":2,\"name\":\"Obras\",\"item\":\"https:\/\/www.juandeguzman.art\/venta-online-de-pinturas\/\"},{\"@type\":\"ListItem\",\"position\":3,\"name\":\"Naturaleza\",\"item\":\"https:\/\/www.juandeguzman.art\/venta-online-de-pinturas\/naturaleza\/\"},{\"@type\":\"ListItem\",\"position\":4,\"name\":\"Campo de barbecho\"}]},{\"@type\":\"WebSite\",\"@id\":\"https:\/\/www.juandeguzman.art\/#website\",\"url\":\"https:\/\/www.juandeguzman.art\/\",\"name\":\"Juan Jos\u00e9 Rodriguez de Guzm\u00e1n Barba - Artista contempor\u00e1neo\",\"description\":\"Artista contempor\u00e1neo\",\"publisher\":{\"@id\":\"https:\/\/www.juandeguzman.art\/#\/schema\/person\/59be02336300246836b0eaecce2d17c3\"},\"alternateName\":\"Sitio web de Artista Juan Jos\u00e9 Rodriguez De Guzm\u00e1n Barba\",\"potentialAction\":[{\"@type\":\"SearchAction\",\"target\":{\"@type\":\"EntryPoint\",\"urlTemplate\":\"https:\/\/www.juandeguzman.art\/?s={search_term_string}\"},\"query-input\":\"required name=search_term_string\"}],\"inLanguage\":\"en-GB\"},{\"@type\":[\"Person\",\"Organization\"],\"@id\":\"https:\/\/www.juandeguzman.art\/#\/schema\/person\/59be02336300246836b0eaecce2d17c3\",\"name\":\"Juan Jose Rodriguez De Guzman Barba\",\"image\":{\"@type\":\"ImageObject\",\"inLanguage\":\"en-GB\",\"@id\":\"https:\/\/www.juandeguzman.art\/#\/schema\/person\/image\/\",\"url\":\"https:\/\/www.juandeguzman.art\/wp-content\/uploads\/artista_Juan_de_Guzman_logo.png\",\"contentUrl\":\"https:\/\/www.juandeguzman.art\/wp-content\/uploads\/artista_Juan_de_Guzman_logo.png\",\"width\":987,\"height\":205,\"caption\":\"Juan Jose Rodriguez De Guzman Barba\"},\"logo\":{\"@id\":\"https:\/\/www.juandeguzman.art\/#\/schema\/person\/image\/\"},\"sameAs\":[\"https:\/\/www.juandeguzman.art\",\"https:\/\/www.instagram.com\/r._de_guzman\/\",\"https:\/\/www.youtube.com\/@juanjoserodriguezdeguzmanb6146\"]}]}<\/script>\n<!-- \/ Yoast SEO plugin. -->","yoast_head_json":{"title":"Campo de barbecho - Juan Jos\u00e9 Rodriguez de Guzm\u00e1n Barba","robots":{"index":"index","follow":"follow","max-snippet":"max-snippet:-1","max-image-preview":"max-image-preview:large","max-video-preview":"max-video-preview:-1"},"canonical":"https:\/\/www.juandeguzman.art\/en\/compra-cuadro\/campo-barbecho\/","og_locale":"en_GB","og_type":"article","og_title":"Campo de barbecho - Juan Jos\u00e9 Rodriguez de Guzm\u00e1n Barba","og_description":"Representa un campo de barbecho en reposo, en un d\u00eda soleado y esperando una nueva cosecha","og_url":"https:\/\/www.juandeguzman.art\/en\/compra-cuadro\/campo-barbecho\/","og_site_name":"Juan Jos\u00e9 Rodriguez de Guzm\u00e1n Barba","article_modified_time":"2024-10-22T16:23:29+00:00","og_image":[{"width":1200,"height":1092,"url":"https:\/\/www.juandeguzman.art\/wp-content\/uploads\/CAMPO-DE-BARBECHO.jpg","type":"image\/jpeg"}],"twitter_card":"summary_large_image","twitter_misc":{"Estimated reading time":"1 minute"},"schema":{"@context":"https:\/\/schema.org","@graph":[{"@type":"WebPage","@id":"https:\/\/www.juandeguzman.art\/compra-cuadro\/campo-barbecho\/","url":"https:\/\/www.juandeguzman.art\/compra-cuadro\/campo-barbecho\/","name":"Campo de barbecho - Juan Jos\u00e9 Rodriguez de Guzm\u00e1n Barba","isPartOf":{"@id":"https:\/\/www.juandeguzman.art\/#website"},"datePublished":"2024-05-24T09:26:20+00:00","dateModified":"2024-10-22T16:23:29+00:00","breadcrumb":{"@id":"https:\/\/www.juandeguzman.art\/compra-cuadro\/campo-barbecho\/#breadcrumb"},"inLanguage":"en-GB","potentialAction":[{"@type":"ReadAction","target":["https:\/\/www.juandeguzman.art\/compra-cuadro\/campo-barbecho\/"]}]},{"@type":"BreadcrumbList","@id":"https:\/\/www.juandeguzman.art\/compra-cuadro\/campo-barbecho\/#breadcrumb","itemListElement":[{"@type":"ListItem","position":1,"name":"Home","item":"https:\/\/www.juandeguzman.art\/"},{"@type":"ListItem","position":2,"name":"Obras","item":"https:\/\/www.juandeguzman.art\/venta-online-de-pinturas\/"},{"@type":"ListItem","position":3,"name":"Naturaleza","item":"https:\/\/www.juandeguzman.art\/venta-online-de-pinturas\/naturaleza\/"},{"@type":"ListItem","position":4,"name":"Campo de barbecho"}]},{"@type":"WebSite","@id":"https:\/\/www.juandeguzman.art\/#website","url":"https:\/\/www.juandeguzman.art\/","name":"Juan Jos\u00e9 Rodriguez de Guzm\u00e1n Barba - Artista contempor\u00e1neo","description":"Artista contempor\u00e1neo","publisher":{"@id":"https:\/\/www.juandeguzman.art\/#\/schema\/person\/59be02336300246836b0eaecce2d17c3"},"alternateName":"Sitio web de Artista Juan Jos\u00e9 Rodriguez De Guzm\u00e1n Barba","potentialAction":[{"@type":"SearchAction","target":{"@type":"EntryPoint","urlTemplate":"https:\/\/www.juandeguzman.art\/?s={search_term_string}"},"query-input":"required name=search_term_string"}],"inLanguage":"en-GB"},{"@type":["Person","Organization"],"@id":"https:\/\/www.juandeguzman.art\/#\/schema\/person\/59be02336300246836b0eaecce2d17c3","name":"Juan Jose Rodriguez De Guzman Barba","image":{"@type":"ImageObject","inLanguage":"en-GB","@id":"https:\/\/www.juandeguzman.art\/#\/schema\/person\/image\/","url":"https:\/\/www.juandeguzman.art\/wp-content\/uploads\/artista_Juan_de_Guzman_logo.png","contentUrl":"https:\/\/www.juandeguzman.art\/wp-content\/uploads\/artista_Juan_de_Guzman_logo.png","width":987,"height":205,"caption":"Juan Jose Rodriguez De Guzman Barba"},"logo":{"@id":"https:\/\/www.juandeguzman.art\/#\/schema\/person\/image\/"},"sameAs":["https:\/\/www.juandeguzman.art","https:\/\/www.instagram.com\/r._de_guzman\/","https:\/\/www.youtube.com\/@juanjoserodriguezdeguzmanb6146"]}]}},"_links":{"self":[{"href":"https:\/\/www.juandeguzman.art\/en\/wp-json\/wp\/v2\/product\/3892"}],"collection":[{"href":"https:\/\/www.juandeguzman.art\/en\/wp-json\/wp\/v2\/product"}],"about":[{"href":"https:\/\/www.juandeguzman.art\/en\/wp-json\/wp\/v2\/types\/product"}],"wp:featuredmedia":[{"embeddable":true,"href":"https:\/\/www.juandeguzman.art\/en\/wp-json\/wp\/v2\/media\/3653"}],"wp:attachment":[{"href":"https:\/\/www.juandeguzman.art\/en\/wp-json\/wp\/v2\/media?parent=3892"}],"wp:term":[{"taxonomy":"product_cat","embeddable":true,"href":"https:\/\/www.juandeguzman.art\/en\/wp-json\/wp\/v2\/product_cat?post=3892"},{"taxonomy":"product_tag","embeddable":true,"href":"https:\/\/www.juandeguzman.art\/en\/wp-json\/wp\/v2\/product_tag?post=3892"}],"curies":[{"name":"wp","href":"https:\/\/api.w.org\/{rel}","templated":true}]}}