{"id":3893,"date":"2024-05-24T09:31:10","date_gmt":"2024-05-24T09:31:10","guid":{"rendered":"https:\/\/www.juandeguzman.art\/?post_type=product&#038;p=3893"},"modified":"2024-10-22T16:23:29","modified_gmt":"2024-10-22T16:23:29","slug":"el-bosque","status":"publish","type":"product","link":"https:\/\/www.juandeguzman.art\/en\/compra-cuadro\/el-bosque\/","title":{"rendered":"The wood"},"content":{"rendered":"<p>A forest of the imaginary<\/p>","protected":false},"excerpt":{"rendered":"<p>A forest of the imaginary<\/p>","protected":false},"featured_media":3668,"template":"","meta":{"_et_pb_use_builder":"","_et_pb_old_content":"","_et_gb_content_width":""},"product_brand":[],"product_cat":[70],"product_tag":[52,71,74,72],"class_list":{"0":"post-3893","1":"product","2":"type-product","3":"status-publish","4":"has-post-thumbnail","6":"product_cat-naturaleza","7":"product_tag-acrilico","8":"product_tag-cuadro-moderno","9":"product_tag-madera","10":"product_tag-marco-moderno","11":"product_shipping_class-spedizione-ordinaria","13":"first","14":"instock","15":"sold-individually","16":"taxable","17":"shipping-taxable","18":"purchasable","19":"product-type-simple"},"yoast_head":"<!-- This site is optimized with the Yoast SEO plugin v27.4 - https:\/\/yoast.com\/product\/yoast-seo-wordpress\/ -->\n<title>El bosque - Juan Jos\u00e9 Rodriguez de Guzm\u00e1n Barba<\/title>\n<meta name=\"robots\" content=\"index, follow, max-snippet:-1, max-image-preview:large, max-video-preview:-1\" \/>\n<link rel=\"canonical\" href=\"https:\/\/www.juandeguzman.art\/en\/compra-cuadro\/el-bosque\/\" \/>\n<meta property=\"og:locale\" content=\"en_GB\" \/>\n<meta property=\"og:type\" content=\"article\" \/>\n<meta property=\"og:title\" content=\"El bosque - Juan Jos\u00e9 Rodriguez de Guzm\u00e1n Barba\" \/>\n<meta property=\"og:description\" content=\"Un bosque del imaginario\" \/>\n<meta property=\"og:url\" content=\"https:\/\/www.juandeguzman.art\/en\/compra-cuadro\/el-bosque\/\" \/>\n<meta property=\"og:site_name\" content=\"Juan Jos\u00e9 Rodriguez de Guzm\u00e1n Barba\" \/>\n<meta property=\"article:modified_time\" content=\"2024-10-22T16:23:29+00:00\" \/>\n<meta property=\"og:image\" content=\"https:\/\/www.juandeguzman.art\/wp-content\/uploads\/EL-BOSQUE.jpg\" \/>\n\t<meta property=\"og:image:width\" content=\"1200\" \/>\n\t<meta property=\"og:image:height\" content=\"662\" \/>\n\t<meta property=\"og:image:type\" content=\"image\/jpeg\" \/>\n<meta name=\"twitter:card\" content=\"summary_large_image\" \/>\n<meta name=\"twitter:label1\" content=\"Estimated reading time\" \/>\n\t<meta name=\"twitter:data1\" content=\"1 minute\" \/>\n<script type=\"application\/ld+json\" class=\"yoast-schema-graph\">{\"@context\":\"https:\\\/\\\/schema.org\",\"@graph\":[{\"@type\":\"WebPage\",\"@id\":\"https:\\\/\\\/www.juandeguzman.art\\\/compra-cuadro\\\/el-bosque\\\/\",\"url\":\"https:\\\/\\\/www.juandeguzman.art\\\/compra-cuadro\\\/el-bosque\\\/\",\"name\":\"El bosque - Juan Jos\u00e9 Rodriguez de Guzm\u00e1n Barba\",\"isPartOf\":{\"@id\":\"https:\\\/\\\/www.juandeguzman.art\\\/#website\"},\"primaryImageOfPage\":{\"@id\":\"https:\\\/\\\/www.juandeguzman.art\\\/compra-cuadro\\\/el-bosque\\\/#primaryimage\"},\"image\":{\"@id\":\"https:\\\/\\\/www.juandeguzman.art\\\/compra-cuadro\\\/el-bosque\\\/#primaryimage\"},\"thumbnailUrl\":\"https:\\\/\\\/www.juandeguzman.art\\\/wp-content\\\/uploads\\\/EL-BOSQUE.jpg\",\"datePublished\":\"2024-05-24T09:31:10+00:00\",\"dateModified\":\"2024-10-22T16:23:29+00:00\",\"breadcrumb\":{\"@id\":\"https:\\\/\\\/www.juandeguzman.art\\\/compra-cuadro\\\/el-bosque\\\/#breadcrumb\"},\"inLanguage\":\"en-GB\",\"potentialAction\":[{\"@type\":\"ReadAction\",\"target\":[\"https:\\\/\\\/www.juandeguzman.art\\\/compra-cuadro\\\/el-bosque\\\/\"]}]},{\"@type\":\"ImageObject\",\"inLanguage\":\"en-GB\",\"@id\":\"https:\\\/\\\/www.juandeguzman.art\\\/compra-cuadro\\\/el-bosque\\\/#primaryimage\",\"url\":\"https:\\\/\\\/www.juandeguzman.art\\\/wp-content\\\/uploads\\\/EL-BOSQUE.jpg\",\"contentUrl\":\"https:\\\/\\\/www.juandeguzman.art\\\/wp-content\\\/uploads\\\/EL-BOSQUE.jpg\",\"width\":1200,\"height\":662,\"caption\":\"Compra online la obra titulada \\\"El bosque\\\", realizada por el artista contempor\u00e1neo Juan Jos\u00e9 Rodriguez De Guzm\u00e1n Barba\"},{\"@type\":\"BreadcrumbList\",\"@id\":\"https:\\\/\\\/www.juandeguzman.art\\\/compra-cuadro\\\/el-bosque\\\/#breadcrumb\",\"itemListElement\":[{\"@type\":\"ListItem\",\"position\":1,\"name\":\"Home\",\"item\":\"https:\\\/\\\/www.juandeguzman.art\\\/\"},{\"@type\":\"ListItem\",\"position\":2,\"name\":\"Obras\",\"item\":\"https:\\\/\\\/www.juandeguzman.art\\\/venta-online-de-pinturas\\\/\"},{\"@type\":\"ListItem\",\"position\":3,\"name\":\"Naturaleza\",\"item\":\"https:\\\/\\\/www.juandeguzman.art\\\/venta-online-de-pinturas\\\/naturaleza\\\/\"},{\"@type\":\"ListItem\",\"position\":4,\"name\":\"El bosque\"}]},{\"@type\":\"WebSite\",\"@id\":\"https:\\\/\\\/www.juandeguzman.art\\\/#website\",\"url\":\"https:\\\/\\\/www.juandeguzman.art\\\/\",\"name\":\"Juan Jos\u00e9 Rodriguez de Guzm\u00e1n Barba - Artista contempor\u00e1neo\",\"description\":\"Artista contempor\u00e1neo\",\"publisher\":{\"@id\":\"https:\\\/\\\/www.juandeguzman.art\\\/#\\\/schema\\\/person\\\/59be02336300246836b0eaecce2d17c3\"},\"alternateName\":\"Sitio web de Artista Juan Jos\u00e9 Rodriguez De Guzm\u00e1n Barba\",\"potentialAction\":[{\"@type\":\"SearchAction\",\"target\":{\"@type\":\"EntryPoint\",\"urlTemplate\":\"https:\\\/\\\/www.juandeguzman.art\\\/?s={search_term_string}\"},\"query-input\":{\"@type\":\"PropertyValueSpecification\",\"valueRequired\":true,\"valueName\":\"search_term_string\"}}],\"inLanguage\":\"en-GB\"},{\"@type\":[\"Person\",\"Organization\"],\"@id\":\"https:\\\/\\\/www.juandeguzman.art\\\/#\\\/schema\\\/person\\\/59be02336300246836b0eaecce2d17c3\",\"name\":\"Juan Jose Rodriguez De Guzman Barba\",\"image\":{\"@type\":\"ImageObject\",\"inLanguage\":\"en-GB\",\"@id\":\"https:\\\/\\\/www.juandeguzman.art\\\/wp-content\\\/uploads\\\/artista_Juan_de_Guzman_logo.png\",\"url\":\"https:\\\/\\\/www.juandeguzman.art\\\/wp-content\\\/uploads\\\/artista_Juan_de_Guzman_logo.png\",\"contentUrl\":\"https:\\\/\\\/www.juandeguzman.art\\\/wp-content\\\/uploads\\\/artista_Juan_de_Guzman_logo.png\",\"width\":987,\"height\":205,\"caption\":\"Juan Jose Rodriguez De Guzman Barba\"},\"logo\":{\"@id\":\"https:\\\/\\\/www.juandeguzman.art\\\/wp-content\\\/uploads\\\/artista_Juan_de_Guzman_logo.png\"},\"sameAs\":[\"https:\\\/\\\/www.juandeguzman.art\",\"https:\\\/\\\/www.instagram.com\\\/r._de_guzman\\\/\",\"https:\\\/\\\/www.youtube.com\\\/@juanjoserodriguezdeguzmanb6146\"]}]}<\/script>\n<!-- \/ Yoast SEO plugin. -->","yoast_head_json":{"title":"El bosque - Juan Jos\u00e9 Rodriguez de Guzm\u00e1n Barba","robots":{"index":"index","follow":"follow","max-snippet":"max-snippet:-1","max-image-preview":"max-image-preview:large","max-video-preview":"max-video-preview:-1"},"canonical":"https:\/\/www.juandeguzman.art\/en\/compra-cuadro\/el-bosque\/","og_locale":"en_GB","og_type":"article","og_title":"El bosque - Juan Jos\u00e9 Rodriguez de Guzm\u00e1n Barba","og_description":"Un bosque del imaginario","og_url":"https:\/\/www.juandeguzman.art\/en\/compra-cuadro\/el-bosque\/","og_site_name":"Juan Jos\u00e9 Rodriguez de Guzm\u00e1n Barba","article_modified_time":"2024-10-22T16:23:29+00:00","og_image":[{"width":1200,"height":662,"url":"https:\/\/www.juandeguzman.art\/wp-content\/uploads\/EL-BOSQUE.jpg","type":"image\/jpeg"}],"twitter_card":"summary_large_image","twitter_misc":{"Estimated reading time":"1 minute"},"schema":{"@context":"https:\/\/schema.org","@graph":[{"@type":"WebPage","@id":"https:\/\/www.juandeguzman.art\/compra-cuadro\/el-bosque\/","url":"https:\/\/www.juandeguzman.art\/compra-cuadro\/el-bosque\/","name":"El bosque - Juan Jos\u00e9 Rodriguez de Guzm\u00e1n Barba","isPartOf":{"@id":"https:\/\/www.juandeguzman.art\/#website"},"primaryImageOfPage":{"@id":"https:\/\/www.juandeguzman.art\/compra-cuadro\/el-bosque\/#primaryimage"},"image":{"@id":"https:\/\/www.juandeguzman.art\/compra-cuadro\/el-bosque\/#primaryimage"},"thumbnailUrl":"https:\/\/www.juandeguzman.art\/wp-content\/uploads\/EL-BOSQUE.jpg","datePublished":"2024-05-24T09:31:10+00:00","dateModified":"2024-10-22T16:23:29+00:00","breadcrumb":{"@id":"https:\/\/www.juandeguzman.art\/compra-cuadro\/el-bosque\/#breadcrumb"},"inLanguage":"en-GB","potentialAction":[{"@type":"ReadAction","target":["https:\/\/www.juandeguzman.art\/compra-cuadro\/el-bosque\/"]}]},{"@type":"ImageObject","inLanguage":"en-GB","@id":"https:\/\/www.juandeguzman.art\/compra-cuadro\/el-bosque\/#primaryimage","url":"https:\/\/www.juandeguzman.art\/wp-content\/uploads\/EL-BOSQUE.jpg","contentUrl":"https:\/\/www.juandeguzman.art\/wp-content\/uploads\/EL-BOSQUE.jpg","width":1200,"height":662,"caption":"Compra online la obra titulada \"El bosque\", realizada por el artista contempor\u00e1neo Juan Jos\u00e9 Rodriguez De Guzm\u00e1n Barba"},{"@type":"BreadcrumbList","@id":"https:\/\/www.juandeguzman.art\/compra-cuadro\/el-bosque\/#breadcrumb","itemListElement":[{"@type":"ListItem","position":1,"name":"Home","item":"https:\/\/www.juandeguzman.art\/"},{"@type":"ListItem","position":2,"name":"Obras","item":"https:\/\/www.juandeguzman.art\/venta-online-de-pinturas\/"},{"@type":"ListItem","position":3,"name":"Naturaleza","item":"https:\/\/www.juandeguzman.art\/venta-online-de-pinturas\/naturaleza\/"},{"@type":"ListItem","position":4,"name":"El bosque"}]},{"@type":"WebSite","@id":"https:\/\/www.juandeguzman.art\/#website","url":"https:\/\/www.juandeguzman.art\/","name":"Juan Jos\u00e9 Rodriguez de Guzm\u00e1n Barba - Artista contempor\u00e1neo","description":"Contemporary artist","publisher":{"@id":"https:\/\/www.juandeguzman.art\/#\/schema\/person\/59be02336300246836b0eaecce2d17c3"},"alternateName":"Sitio web de Artista Juan Jos\u00e9 Rodriguez De Guzm\u00e1n Barba","potentialAction":[{"@type":"SearchAction","target":{"@type":"EntryPoint","urlTemplate":"https:\/\/www.juandeguzman.art\/?s={search_term_string}"},"query-input":{"@type":"PropertyValueSpecification","valueRequired":true,"valueName":"search_term_string"}}],"inLanguage":"en-GB"},{"@type":["Person","Organization"],"@id":"https:\/\/www.juandeguzman.art\/#\/schema\/person\/59be02336300246836b0eaecce2d17c3","name":"Juan Jose Rodriguez De Guzman Barba","image":{"@type":"ImageObject","inLanguage":"en-GB","@id":"https:\/\/www.juandeguzman.art\/wp-content\/uploads\/artista_Juan_de_Guzman_logo.png","url":"https:\/\/www.juandeguzman.art\/wp-content\/uploads\/artista_Juan_de_Guzman_logo.png","contentUrl":"https:\/\/www.juandeguzman.art\/wp-content\/uploads\/artista_Juan_de_Guzman_logo.png","width":987,"height":205,"caption":"Juan Jose Rodriguez De Guzman Barba"},"logo":{"@id":"https:\/\/www.juandeguzman.art\/wp-content\/uploads\/artista_Juan_de_Guzman_logo.png"},"sameAs":["https:\/\/www.juandeguzman.art","https:\/\/www.instagram.com\/r._de_guzman\/","https:\/\/www.youtube.com\/@juanjoserodriguezdeguzmanb6146"]}]}},"_links":{"self":[{"href":"https:\/\/www.juandeguzman.art\/en\/wp-json\/wp\/v2\/product\/3893","targetHints":{"allow":["GET"]}}],"collection":[{"href":"https:\/\/www.juandeguzman.art\/en\/wp-json\/wp\/v2\/product"}],"about":[{"href":"https:\/\/www.juandeguzman.art\/en\/wp-json\/wp\/v2\/types\/product"}],"wp:featuredmedia":[{"embeddable":true,"href":"https:\/\/www.juandeguzman.art\/en\/wp-json\/wp\/v2\/media\/3668"}],"wp:attachment":[{"href":"https:\/\/www.juandeguzman.art\/en\/wp-json\/wp\/v2\/media?parent=3893"}],"wp:term":[{"taxonomy":"product_brand","embeddable":true,"href":"https:\/\/www.juandeguzman.art\/en\/wp-json\/wp\/v2\/product_brand?post=3893"},{"taxonomy":"product_cat","embeddable":true,"href":"https:\/\/www.juandeguzman.art\/en\/wp-json\/wp\/v2\/product_cat?post=3893"},{"taxonomy":"product_tag","embeddable":true,"href":"https:\/\/www.juandeguzman.art\/en\/wp-json\/wp\/v2\/product_tag?post=3893"}],"curies":[{"name":"wp","href":"https:\/\/api.w.org\/{rel}","templated":true}]}}